{"id":1071,"date":"2023-07-09T20:07:48","date_gmt":"2023-07-09T20:07:48","guid":{"rendered":"http:\/\/www.uzunotoaksesuar.com.tr\/?page_id=1071"},"modified":"2023-07-09T21:17:33","modified_gmt":"2023-07-09T21:17:33","slug":"sibop-kapaklari-ve-bijon-kapagi","status":"publish","type":"page","link":"http:\/\/www.uzunotoaksesuar.com.tr\/index.php\/sibop-kapaklari-ve-bijon-kapagi\/","title":{"rendered":"S\u0130BOP KAPAKLARI VE B\u0130JON KAPA\u011eI"},"content":{"rendered":"\n<div class=\"wp-block-columns is-layout-flex wp-container-4\">\n<div class=\"wp-block-column is-layout-flow\"><div class=\"wp-block-image\">\n<figure class=\"aligncenter size-large\"><img decoding=\"async\" loading=\"lazy\" width=\"1024\" height=\"768\" src=\"http:\/\/www.uzunotoaksesuar.com.tr\/wp-content\/uploads\/2023\/07\/WhatsApp-Image-2023-07-09-at-23.06.58-3-1-1024x768.jpeg\" alt=\"\" class=\"wp-image-1191\" srcset=\"http:\/\/www.uzunotoaksesuar.com.tr\/wp-content\/uploads\/2023\/07\/WhatsApp-Image-2023-07-09-at-23.06.58-3-1-1024x768.jpeg 1024w, http:\/\/www.uzunotoaksesuar.com.tr\/wp-content\/uploads\/2023\/07\/WhatsApp-Image-2023-07-09-at-23.06.58-3-1-300x225.jpeg 300w, http:\/\/www.uzunotoaksesuar.com.tr\/wp-content\/uploads\/2023\/07\/WhatsApp-Image-2023-07-09-at-23.06.58-3-1-768x576.jpeg 768w, http:\/\/www.uzunotoaksesuar.com.tr\/wp-content\/uploads\/2023\/07\/WhatsApp-Image-2023-07-09-at-23.06.58-3-1-1536x1152.jpeg 1536w, http:\/\/www.uzunotoaksesuar.com.tr\/wp-content\/uploads\/2023\/07\/WhatsApp-Image-2023-07-09-at-23.06.58-3-1.jpeg 1600w\" sizes=\"(max-width: 1024px) 100vw, 1024px\" \/><\/figure><\/div><\/div>\n\n\n\n<div class=\"wp-block-column is-layout-flow\"><div class=\"wp-block-image\">\n<figure class=\"aligncenter size-large\"><img decoding=\"async\" loading=\"lazy\" width=\"768\" height=\"1024\" src=\"http:\/\/www.uzunotoaksesuar.com.tr\/wp-content\/uploads\/2023\/07\/WhatsApp-Image-2023-07-09-at-23.06.57-1-768x1024.jpeg\" alt=\"\" class=\"wp-image-1192\" srcset=\"http:\/\/www.uzunotoaksesuar.com.tr\/wp-content\/uploads\/2023\/07\/WhatsApp-Image-2023-07-09-at-23.06.57-1-768x1024.jpeg 768w, http:\/\/www.uzunotoaksesuar.com.tr\/wp-content\/uploads\/2023\/07\/WhatsApp-Image-2023-07-09-at-23.06.57-1-225x300.jpeg 225w, http:\/\/www.uzunotoaksesuar.com.tr\/wp-content\/uploads\/2023\/07\/WhatsApp-Image-2023-07-09-at-23.06.57-1-1152x1536.jpeg 1152w, http:\/\/www.uzunotoaksesuar.com.tr\/wp-content\/uploads\/2023\/07\/WhatsApp-Image-2023-07-09-at-23.06.57-1.jpeg 1200w\" sizes=\"(max-width: 768px) 100vw, 768px\" \/><\/figure><\/div><\/div>\n\n\n\n<div class=\"wp-block-column is-layout-flow\"><div class=\"wp-block-image\">\n<figure class=\"aligncenter size-large\"><img decoding=\"async\" loading=\"lazy\" width=\"1024\" height=\"1010\" src=\"http:\/\/www.uzunotoaksesuar.com.tr\/wp-content\/uploads\/2023\/07\/WhatsApp-Image-2023-07-09-at-23.07.37-1-1-1024x1010.jpeg\" alt=\"\" class=\"wp-image-1193\" srcset=\"http:\/\/www.uzunotoaksesuar.com.tr\/wp-content\/uploads\/2023\/07\/WhatsApp-Image-2023-07-09-at-23.07.37-1-1-1024x1010.jpeg 1024w, http:\/\/www.uzunotoaksesuar.com.tr\/wp-content\/uploads\/2023\/07\/WhatsApp-Image-2023-07-09-at-23.07.37-1-1-300x296.jpeg 300w, http:\/\/www.uzunotoaksesuar.com.tr\/wp-content\/uploads\/2023\/07\/WhatsApp-Image-2023-07-09-at-23.07.37-1-1-768x757.jpeg 768w, http:\/\/www.uzunotoaksesuar.com.tr\/wp-content\/uploads\/2023\/07\/WhatsApp-Image-2023-07-09-at-23.07.37-1-1.jpeg 1080w\" sizes=\"(max-width: 1024px) 100vw, 1024px\" \/><\/figure><\/div><\/div>\n<\/div>\n\n\n\n<div class=\"wp-block-columns is-layout-flex wp-container-8\">\n<div class=\"wp-block-column is-layout-flow\"><div class=\"wp-block-image\">\n<figure class=\"aligncenter size-large\"><img decoding=\"async\" loading=\"lazy\" width=\"768\" height=\"1024\" src=\"http:\/\/www.uzunotoaksesuar.com.tr\/wp-content\/uploads\/2023\/07\/WhatsApp-Image-2023-07-09-at-23.47.13-768x1024.jpeg\" alt=\"\" class=\"wp-image-1197\" srcset=\"http:\/\/www.uzunotoaksesuar.com.tr\/wp-content\/uploads\/2023\/07\/WhatsApp-Image-2023-07-09-at-23.47.13-768x1024.jpeg 768w, http:\/\/www.uzunotoaksesuar.com.tr\/wp-content\/uploads\/2023\/07\/WhatsApp-Image-2023-07-09-at-23.47.13-225x300.jpeg 225w, http:\/\/www.uzunotoaksesuar.com.tr\/wp-content\/uploads\/2023\/07\/WhatsApp-Image-2023-07-09-at-23.47.13-1152x1536.jpeg 1152w, http:\/\/www.uzunotoaksesuar.com.tr\/wp-content\/uploads\/2023\/07\/WhatsApp-Image-2023-07-09-at-23.47.13.jpeg 1200w\" sizes=\"(max-width: 768px) 100vw, 768px\" \/><\/figure><\/div><\/div>\n\n\n\n<div class=\"wp-block-column is-layout-flow\"><div class=\"wp-block-image\">\n<figure class=\"aligncenter size-large\"><img decoding=\"async\" loading=\"lazy\" width=\"768\" height=\"1024\" src=\"http:\/\/www.uzunotoaksesuar.com.tr\/wp-content\/uploads\/2023\/07\/WhatsApp-Image-2023-07-09-at-23.47.11-768x1024.jpeg\" alt=\"\" class=\"wp-image-1195\" srcset=\"http:\/\/www.uzunotoaksesuar.com.tr\/wp-content\/uploads\/2023\/07\/WhatsApp-Image-2023-07-09-at-23.47.11-768x1024.jpeg 768w, http:\/\/www.uzunotoaksesuar.com.tr\/wp-content\/uploads\/2023\/07\/WhatsApp-Image-2023-07-09-at-23.47.11-225x300.jpeg 225w, http:\/\/www.uzunotoaksesuar.com.tr\/wp-content\/uploads\/2023\/07\/WhatsApp-Image-2023-07-09-at-23.47.11-1152x1536.jpeg 1152w, http:\/\/www.uzunotoaksesuar.com.tr\/wp-content\/uploads\/2023\/07\/WhatsApp-Image-2023-07-09-at-23.47.11.jpeg 1200w\" sizes=\"(max-width: 768px) 100vw, 768px\" \/><\/figure><\/div><\/div>\n\n\n\n<div class=\"wp-block-column is-layout-flow\"><div class=\"wp-block-image\">\n<figure class=\"aligncenter size-large\"><img decoding=\"async\" loading=\"lazy\" width=\"768\" height=\"1024\" src=\"http:\/\/www.uzunotoaksesuar.com.tr\/wp-content\/uploads\/2023\/07\/WhatsApp-Image-2023-07-09-at-23.47.12-768x1024.jpeg\" alt=\"\" class=\"wp-image-1196\" srcset=\"http:\/\/www.uzunotoaksesuar.com.tr\/wp-content\/uploads\/2023\/07\/WhatsApp-Image-2023-07-09-at-23.47.12-768x1024.jpeg 768w, http:\/\/www.uzunotoaksesuar.com.tr\/wp-content\/uploads\/2023\/07\/WhatsApp-Image-2023-07-09-at-23.47.12-225x300.jpeg 225w, http:\/\/www.uzunotoaksesuar.com.tr\/wp-content\/uploads\/2023\/07\/WhatsApp-Image-2023-07-09-at-23.47.12-1152x1536.jpeg 1152w, http:\/\/www.uzunotoaksesuar.com.tr\/wp-content\/uploads\/2023\/07\/WhatsApp-Image-2023-07-09-at-23.47.12.jpeg 1200w\" sizes=\"(max-width: 768px) 100vw, 768px\" \/><\/figure><\/div><\/div>\n<\/div>\n\n\n\n<div class=\"wp-block-columns is-layout-flex wp-container-12\">\n<div class=\"wp-block-column is-layout-flow\"><div class=\"wp-block-image\">\n<figure class=\"aligncenter size-large\"><img decoding=\"async\" loading=\"lazy\" width=\"768\" height=\"1024\" src=\"http:\/\/www.uzunotoaksesuar.com.tr\/wp-content\/uploads\/2023\/07\/WhatsApp-Image-2023-07-09-at-23.47.15-768x1024.jpeg\" alt=\"\" class=\"wp-image-1199\" srcset=\"http:\/\/www.uzunotoaksesuar.com.tr\/wp-content\/uploads\/2023\/07\/WhatsApp-Image-2023-07-09-at-23.47.15-768x1024.jpeg 768w, http:\/\/www.uzunotoaksesuar.com.tr\/wp-content\/uploads\/2023\/07\/WhatsApp-Image-2023-07-09-at-23.47.15-225x300.jpeg 225w, http:\/\/www.uzunotoaksesuar.com.tr\/wp-content\/uploads\/2023\/07\/WhatsApp-Image-2023-07-09-at-23.47.15-1152x1536.jpeg 1152w, http:\/\/www.uzunotoaksesuar.com.tr\/wp-content\/uploads\/2023\/07\/WhatsApp-Image-2023-07-09-at-23.47.15.jpeg 1200w\" sizes=\"(max-width: 768px) 100vw, 768px\" \/><\/figure><\/div><\/div>\n\n\n\n<div class=\"wp-block-column is-layout-flow\"><div class=\"wp-block-image\">\n<figure class=\"aligncenter size-large\"><img decoding=\"async\" loading=\"lazy\" width=\"768\" height=\"1024\" src=\"http:\/\/www.uzunotoaksesuar.com.tr\/wp-content\/uploads\/2023\/07\/WhatsApp-Image-2023-07-09-at-23.47.19-768x1024.jpeg\" alt=\"\" class=\"wp-image-1202\" srcset=\"http:\/\/www.uzunotoaksesuar.com.tr\/wp-content\/uploads\/2023\/07\/WhatsApp-Image-2023-07-09-at-23.47.19-768x1024.jpeg 768w, http:\/\/www.uzunotoaksesuar.com.tr\/wp-content\/uploads\/2023\/07\/WhatsApp-Image-2023-07-09-at-23.47.19-225x300.jpeg 225w, http:\/\/www.uzunotoaksesuar.com.tr\/wp-content\/uploads\/2023\/07\/WhatsApp-Image-2023-07-09-at-23.47.19-1152x1536.jpeg 1152w, http:\/\/www.uzunotoaksesuar.com.tr\/wp-content\/uploads\/2023\/07\/WhatsApp-Image-2023-07-09-at-23.47.19.jpeg 1200w\" sizes=\"(max-width: 768px) 100vw, 768px\" \/><\/figure><\/div><\/div>\n\n\n\n<div class=\"wp-block-column is-layout-flow\"><div class=\"wp-block-image\">\n<figure class=\"aligncenter size-large\"><img decoding=\"async\" loading=\"lazy\" width=\"768\" height=\"1024\" src=\"http:\/\/www.uzunotoaksesuar.com.tr\/wp-content\/uploads\/2023\/07\/WhatsApp-Image-2023-07-09-at-23.47.18-768x1024.jpeg\" alt=\"\" class=\"wp-image-1200\" srcset=\"http:\/\/www.uzunotoaksesuar.com.tr\/wp-content\/uploads\/2023\/07\/WhatsApp-Image-2023-07-09-at-23.47.18-768x1024.jpeg 768w, http:\/\/www.uzunotoaksesuar.com.tr\/wp-content\/uploads\/2023\/07\/WhatsApp-Image-2023-07-09-at-23.47.18-225x300.jpeg 225w, http:\/\/www.uzunotoaksesuar.com.tr\/wp-content\/uploads\/2023\/07\/WhatsApp-Image-2023-07-09-at-23.47.18-1152x1536.jpeg 1152w, http:\/\/www.uzunotoaksesuar.com.tr\/wp-content\/uploads\/2023\/07\/WhatsApp-Image-2023-07-09-at-23.47.18.jpeg 1200w\" sizes=\"(max-width: 768px) 100vw, 768px\" \/><\/figure><\/div><\/div>\n<\/div>\n\n\n\n<div class=\"wp-block-columns is-layout-flex wp-container-16\">\n<div class=\"wp-block-column is-layout-flow\"><div class=\"wp-block-image\">\n<figure class=\"aligncenter size-large\"><img decoding=\"async\" loading=\"lazy\" width=\"768\" height=\"1024\" src=\"http:\/\/www.uzunotoaksesuar.com.tr\/wp-content\/uploads\/2023\/07\/WhatsApp-Image-2023-07-09-at-23.47.16-768x1024.jpeg\" alt=\"\" class=\"wp-image-1203\" srcset=\"http:\/\/www.uzunotoaksesuar.com.tr\/wp-content\/uploads\/2023\/07\/WhatsApp-Image-2023-07-09-at-23.47.16-768x1024.jpeg 768w, http:\/\/www.uzunotoaksesuar.com.tr\/wp-content\/uploads\/2023\/07\/WhatsApp-Image-2023-07-09-at-23.47.16-225x300.jpeg 225w, http:\/\/www.uzunotoaksesuar.com.tr\/wp-content\/uploads\/2023\/07\/WhatsApp-Image-2023-07-09-at-23.47.16-1152x1536.jpeg 1152w, http:\/\/www.uzunotoaksesuar.com.tr\/wp-content\/uploads\/2023\/07\/WhatsApp-Image-2023-07-09-at-23.47.16.jpeg 1200w\" sizes=\"(max-width: 768px) 100vw, 768px\" \/><\/figure><\/div><\/div>\n\n\n\n<div class=\"wp-block-column is-layout-flow\"><div class=\"wp-block-image\">\n<figure class=\"aligncenter size-large\"><img decoding=\"async\" loading=\"lazy\" width=\"768\" height=\"1024\" src=\"http:\/\/www.uzunotoaksesuar.com.tr\/wp-content\/uploads\/2023\/07\/WhatsApp-Image-2023-07-09-at-23.47.19-1-768x1024.jpeg\" alt=\"\" class=\"wp-image-1205\" srcset=\"http:\/\/www.uzunotoaksesuar.com.tr\/wp-content\/uploads\/2023\/07\/WhatsApp-Image-2023-07-09-at-23.47.19-1-768x1024.jpeg 768w, http:\/\/www.uzunotoaksesuar.com.tr\/wp-content\/uploads\/2023\/07\/WhatsApp-Image-2023-07-09-at-23.47.19-1-225x300.jpeg 225w, http:\/\/www.uzunotoaksesuar.com.tr\/wp-content\/uploads\/2023\/07\/WhatsApp-Image-2023-07-09-at-23.47.19-1-1152x1536.jpeg 1152w, http:\/\/www.uzunotoaksesuar.com.tr\/wp-content\/uploads\/2023\/07\/WhatsApp-Image-2023-07-09-at-23.47.19-1.jpeg 1200w\" sizes=\"(max-width: 768px) 100vw, 768px\" \/><\/figure><\/div><\/div>\n\n\n\n<div class=\"wp-block-column is-layout-flow\"><div class=\"wp-block-image\">\n<figure class=\"aligncenter size-large\"><img decoding=\"async\" loading=\"lazy\" width=\"768\" height=\"1024\" src=\"http:\/\/www.uzunotoaksesuar.com.tr\/wp-content\/uploads\/2023\/07\/WhatsApp-Image-2023-07-09-at-23.47.19-2-768x1024.jpeg\" alt=\"\" class=\"wp-image-1204\" srcset=\"http:\/\/www.uzunotoaksesuar.com.tr\/wp-content\/uploads\/2023\/07\/WhatsApp-Image-2023-07-09-at-23.47.19-2-768x1024.jpeg 768w, http:\/\/www.uzunotoaksesuar.com.tr\/wp-content\/uploads\/2023\/07\/WhatsApp-Image-2023-07-09-at-23.47.19-2-225x300.jpeg 225w, http:\/\/www.uzunotoaksesuar.com.tr\/wp-content\/uploads\/2023\/07\/WhatsApp-Image-2023-07-09-at-23.47.19-2-1152x1536.jpeg 1152w, http:\/\/www.uzunotoaksesuar.com.tr\/wp-content\/uploads\/2023\/07\/WhatsApp-Image-2023-07-09-at-23.47.19-2.jpeg 1200w\" sizes=\"(max-width: 768px) 100vw, 768px\" \/><\/figure><\/div><\/div>\n<\/div>\n\n\n\n<div class=\"wp-block-columns is-layout-flex wp-container-20\">\n<div class=\"wp-block-column is-layout-flow\"><div class=\"wp-block-image\">\n<figure class=\"aligncenter size-large\"><img decoding=\"async\" loading=\"lazy\" width=\"768\" height=\"1024\" src=\"http:\/\/www.uzunotoaksesuar.com.tr\/wp-content\/uploads\/2023\/07\/WhatsApp-Image-2023-07-09-at-23.47.22-768x1024.jpeg\" alt=\"\" class=\"wp-image-1209\" srcset=\"http:\/\/www.uzunotoaksesuar.com.tr\/wp-content\/uploads\/2023\/07\/WhatsApp-Image-2023-07-09-at-23.47.22-768x1024.jpeg 768w, http:\/\/www.uzunotoaksesuar.com.tr\/wp-content\/uploads\/2023\/07\/WhatsApp-Image-2023-07-09-at-23.47.22-225x300.jpeg 225w, http:\/\/www.uzunotoaksesuar.com.tr\/wp-content\/uploads\/2023\/07\/WhatsApp-Image-2023-07-09-at-23.47.22-1152x1536.jpeg 1152w, http:\/\/www.uzunotoaksesuar.com.tr\/wp-content\/uploads\/2023\/07\/WhatsApp-Image-2023-07-09-at-23.47.22.jpeg 1200w\" sizes=\"(max-width: 768px) 100vw, 768px\" \/><\/figure><\/div><\/div>\n\n\n\n<div class=\"wp-block-column is-layout-flow\"><div class=\"wp-block-image\">\n<figure class=\"aligncenter size-large\"><img decoding=\"async\" loading=\"lazy\" width=\"768\" height=\"1024\" src=\"http:\/\/www.uzunotoaksesuar.com.tr\/wp-content\/uploads\/2023\/07\/WhatsApp-Image-2023-07-09-at-23.47.23-2-768x1024.jpeg\" alt=\"\" class=\"wp-image-1211\" srcset=\"http:\/\/www.uzunotoaksesuar.com.tr\/wp-content\/uploads\/2023\/07\/WhatsApp-Image-2023-07-09-at-23.47.23-2-768x1024.jpeg 768w, http:\/\/www.uzunotoaksesuar.com.tr\/wp-content\/uploads\/2023\/07\/WhatsApp-Image-2023-07-09-at-23.47.23-2-225x300.jpeg 225w, http:\/\/www.uzunotoaksesuar.com.tr\/wp-content\/uploads\/2023\/07\/WhatsApp-Image-2023-07-09-at-23.47.23-2-1152x1536.jpeg 1152w, http:\/\/www.uzunotoaksesuar.com.tr\/wp-content\/uploads\/2023\/07\/WhatsApp-Image-2023-07-09-at-23.47.23-2.jpeg 1200w\" sizes=\"(max-width: 768px) 100vw, 768px\" \/><\/figure><\/div><\/div>\n\n\n\n<div class=\"wp-block-column is-layout-flow\"><div class=\"wp-block-image\">\n<figure class=\"aligncenter size-large\"><img decoding=\"async\" loading=\"lazy\" width=\"768\" height=\"1024\" src=\"http:\/\/www.uzunotoaksesuar.com.tr\/wp-content\/uploads\/2023\/07\/WhatsApp-Image-2023-07-09-at-23.47.23-1-768x1024.jpeg\" alt=\"\" class=\"wp-image-1210\" srcset=\"http:\/\/www.uzunotoaksesuar.com.tr\/wp-content\/uploads\/2023\/07\/WhatsApp-Image-2023-07-09-at-23.47.23-1-768x1024.jpeg 768w, http:\/\/www.uzunotoaksesuar.com.tr\/wp-content\/uploads\/2023\/07\/WhatsApp-Image-2023-07-09-at-23.47.23-1-225x300.jpeg 225w, http:\/\/www.uzunotoaksesuar.com.tr\/wp-content\/uploads\/2023\/07\/WhatsApp-Image-2023-07-09-at-23.47.23-1-1152x1536.jpeg 1152w, http:\/\/www.uzunotoaksesuar.com.tr\/wp-content\/uploads\/2023\/07\/WhatsApp-Image-2023-07-09-at-23.47.23-1.jpeg 1200w\" sizes=\"(max-width: 768px) 100vw, 768px\" \/><\/figure><\/div><\/div>\n<\/div>\n\n\n\n<div class=\"wp-block-columns is-layout-flex wp-container-24\">\n<div class=\"wp-block-column is-layout-flow\"><div class=\"wp-block-image\">\n<figure class=\"aligncenter size-large\"><img decoding=\"async\" loading=\"lazy\" width=\"768\" height=\"1024\" src=\"http:\/\/www.uzunotoaksesuar.com.tr\/wp-content\/uploads\/2023\/07\/WhatsApp-Image-2023-07-09-at-23.47.24-1-768x1024.jpeg\" alt=\"\" class=\"wp-image-1213\" srcset=\"http:\/\/www.uzunotoaksesuar.com.tr\/wp-content\/uploads\/2023\/07\/WhatsApp-Image-2023-07-09-at-23.47.24-1-768x1024.jpeg 768w, http:\/\/www.uzunotoaksesuar.com.tr\/wp-content\/uploads\/2023\/07\/WhatsApp-Image-2023-07-09-at-23.47.24-1-225x300.jpeg 225w, http:\/\/www.uzunotoaksesuar.com.tr\/wp-content\/uploads\/2023\/07\/WhatsApp-Image-2023-07-09-at-23.47.24-1-1152x1536.jpeg 1152w, http:\/\/www.uzunotoaksesuar.com.tr\/wp-content\/uploads\/2023\/07\/WhatsApp-Image-2023-07-09-at-23.47.24-1.jpeg 1200w\" sizes=\"(max-width: 768px) 100vw, 768px\" \/><\/figure><\/div><\/div>\n\n\n\n<div class=\"wp-block-column is-layout-flow\"><div class=\"wp-block-image\">\n<figure class=\"aligncenter size-large\"><img decoding=\"async\" loading=\"lazy\" width=\"768\" height=\"1024\" src=\"http:\/\/www.uzunotoaksesuar.com.tr\/wp-content\/uploads\/2023\/07\/WhatsApp-Image-2023-07-09-at-23.47.24-2-768x1024.jpeg\" alt=\"\" class=\"wp-image-1214\" srcset=\"http:\/\/www.uzunotoaksesuar.com.tr\/wp-content\/uploads\/2023\/07\/WhatsApp-Image-2023-07-09-at-23.47.24-2-768x1024.jpeg 768w, http:\/\/www.uzunotoaksesuar.com.tr\/wp-content\/uploads\/2023\/07\/WhatsApp-Image-2023-07-09-at-23.47.24-2-225x300.jpeg 225w, http:\/\/www.uzunotoaksesuar.com.tr\/wp-content\/uploads\/2023\/07\/WhatsApp-Image-2023-07-09-at-23.47.24-2-1152x1536.jpeg 1152w, http:\/\/www.uzunotoaksesuar.com.tr\/wp-content\/uploads\/2023\/07\/WhatsApp-Image-2023-07-09-at-23.47.24-2.jpeg 1200w\" sizes=\"(max-width: 768px) 100vw, 768px\" \/><\/figure><\/div><\/div>\n\n\n\n<div class=\"wp-block-column is-layout-flow\"><div class=\"wp-block-image\">\n<figure class=\"aligncenter size-large\"><img decoding=\"async\" loading=\"lazy\" width=\"768\" height=\"1024\" src=\"http:\/\/www.uzunotoaksesuar.com.tr\/wp-content\/uploads\/2023\/07\/WhatsApp-Image-2023-07-09-at-23.47.24-3-768x1024.jpeg\" alt=\"\" class=\"wp-image-1215\" srcset=\"http:\/\/www.uzunotoaksesuar.com.tr\/wp-content\/uploads\/2023\/07\/WhatsApp-Image-2023-07-09-at-23.47.24-3-768x1024.jpeg 768w, http:\/\/www.uzunotoaksesuar.com.tr\/wp-content\/uploads\/2023\/07\/WhatsApp-Image-2023-07-09-at-23.47.24-3-225x300.jpeg 225w, http:\/\/www.uzunotoaksesuar.com.tr\/wp-content\/uploads\/2023\/07\/WhatsApp-Image-2023-07-09-at-23.47.24-3-1152x1536.jpeg 1152w, http:\/\/www.uzunotoaksesuar.com.tr\/wp-content\/uploads\/2023\/07\/WhatsApp-Image-2023-07-09-at-23.47.24-3.jpeg 1200w\" sizes=\"(max-width: 768px) 100vw, 768px\" \/><\/figure><\/div><\/div>\n<\/div>\n\n\n\n<div class=\"wp-block-columns is-layout-flex wp-container-28\">\n<div class=\"wp-block-column is-layout-flow\"><div class=\"wp-block-image\">\n<figure class=\"aligncenter size-large\"><img decoding=\"async\" loading=\"lazy\" width=\"768\" height=\"1024\" src=\"http:\/\/www.uzunotoaksesuar.com.tr\/wp-content\/uploads\/2023\/07\/WhatsApp-Image-2023-07-09-at-23.47.25-1-768x1024.jpeg\" alt=\"\" class=\"wp-image-1219\" srcset=\"http:\/\/www.uzunotoaksesuar.com.tr\/wp-content\/uploads\/2023\/07\/WhatsApp-Image-2023-07-09-at-23.47.25-1-768x1024.jpeg 768w, http:\/\/www.uzunotoaksesuar.com.tr\/wp-content\/uploads\/2023\/07\/WhatsApp-Image-2023-07-09-at-23.47.25-1-225x300.jpeg 225w, http:\/\/www.uzunotoaksesuar.com.tr\/wp-content\/uploads\/2023\/07\/WhatsApp-Image-2023-07-09-at-23.47.25-1-1152x1536.jpeg 1152w, http:\/\/www.uzunotoaksesuar.com.tr\/wp-content\/uploads\/2023\/07\/WhatsApp-Image-2023-07-09-at-23.47.25-1.jpeg 1200w\" sizes=\"(max-width: 768px) 100vw, 768px\" \/><\/figure><\/div><\/div>\n\n\n\n<div class=\"wp-block-column is-layout-flow\"><div class=\"wp-block-image\">\n<figure class=\"aligncenter size-large\"><img decoding=\"async\" loading=\"lazy\" width=\"768\" height=\"1024\" src=\"http:\/\/www.uzunotoaksesuar.com.tr\/wp-content\/uploads\/2023\/07\/WhatsApp-Image-2023-07-09-at-23.47.25-768x1024.jpeg\" alt=\"\" class=\"wp-image-1220\" srcset=\"http:\/\/www.uzunotoaksesuar.com.tr\/wp-content\/uploads\/2023\/07\/WhatsApp-Image-2023-07-09-at-23.47.25-768x1024.jpeg 768w, http:\/\/www.uzunotoaksesuar.com.tr\/wp-content\/uploads\/2023\/07\/WhatsApp-Image-2023-07-09-at-23.47.25-225x300.jpeg 225w, http:\/\/www.uzunotoaksesuar.com.tr\/wp-content\/uploads\/2023\/07\/WhatsApp-Image-2023-07-09-at-23.47.25-1152x1536.jpeg 1152w, http:\/\/www.uzunotoaksesuar.com.tr\/wp-content\/uploads\/2023\/07\/WhatsApp-Image-2023-07-09-at-23.47.25.jpeg 1200w\" sizes=\"(max-width: 768px) 100vw, 768px\" \/><\/figure><\/div><\/div>\n\n\n\n<div class=\"wp-block-column is-layout-flow\"><div class=\"wp-block-image\">\n<figure class=\"aligncenter size-large\"><img decoding=\"async\" loading=\"lazy\" width=\"768\" height=\"1024\" src=\"http:\/\/www.uzunotoaksesuar.com.tr\/wp-content\/uploads\/2023\/07\/WhatsApp-Image-2023-07-09-at-23.47.25-2-768x1024.jpeg\" alt=\"\" class=\"wp-image-1221\" srcset=\"http:\/\/www.uzunotoaksesuar.com.tr\/wp-content\/uploads\/2023\/07\/WhatsApp-Image-2023-07-09-at-23.47.25-2-768x1024.jpeg 768w, http:\/\/www.uzunotoaksesuar.com.tr\/wp-content\/uploads\/2023\/07\/WhatsApp-Image-2023-07-09-at-23.47.25-2-225x300.jpeg 225w, http:\/\/www.uzunotoaksesuar.com.tr\/wp-content\/uploads\/2023\/07\/WhatsApp-Image-2023-07-09-at-23.47.25-2-1152x1536.jpeg 1152w, http:\/\/www.uzunotoaksesuar.com.tr\/wp-content\/uploads\/2023\/07\/WhatsApp-Image-2023-07-09-at-23.47.25-2.jpeg 1200w\" sizes=\"(max-width: 768px) 100vw, 768px\" \/><\/figure><\/div><\/div>\n<\/div>\n\n\n\n<div class=\"wp-block-columns is-layout-flex wp-container-32\">\n<div class=\"wp-block-column is-layout-flow\"><div class=\"wp-block-image\">\n<figure class=\"aligncenter size-large\"><img decoding=\"async\" loading=\"lazy\" width=\"768\" height=\"1024\" src=\"http:\/\/www.uzunotoaksesuar.com.tr\/wp-content\/uploads\/2023\/07\/WhatsApp-Image-2023-07-09-at-23.47.26-1-768x1024.jpeg\" alt=\"\" class=\"wp-image-1224\" srcset=\"http:\/\/www.uzunotoaksesuar.com.tr\/wp-content\/uploads\/2023\/07\/WhatsApp-Image-2023-07-09-at-23.47.26-1-768x1024.jpeg 768w, http:\/\/www.uzunotoaksesuar.com.tr\/wp-content\/uploads\/2023\/07\/WhatsApp-Image-2023-07-09-at-23.47.26-1-225x300.jpeg 225w, http:\/\/www.uzunotoaksesuar.com.tr\/wp-content\/uploads\/2023\/07\/WhatsApp-Image-2023-07-09-at-23.47.26-1-1152x1536.jpeg 1152w, http:\/\/www.uzunotoaksesuar.com.tr\/wp-content\/uploads\/2023\/07\/WhatsApp-Image-2023-07-09-at-23.47.26-1.jpeg 1200w\" sizes=\"(max-width: 768px) 100vw, 768px\" \/><\/figure><\/div><\/div>\n\n\n\n<div class=\"wp-block-column is-layout-flow\"><div class=\"wp-block-image\">\n<figure class=\"aligncenter size-large\"><img decoding=\"async\" loading=\"lazy\" width=\"768\" height=\"1024\" src=\"http:\/\/www.uzunotoaksesuar.com.tr\/wp-content\/uploads\/2023\/07\/WhatsApp-Image-2023-07-09-at-23.47.26-768x1024.jpeg\" alt=\"\" class=\"wp-image-1225\" srcset=\"http:\/\/www.uzunotoaksesuar.com.tr\/wp-content\/uploads\/2023\/07\/WhatsApp-Image-2023-07-09-at-23.47.26-768x1024.jpeg 768w, http:\/\/www.uzunotoaksesuar.com.tr\/wp-content\/uploads\/2023\/07\/WhatsApp-Image-2023-07-09-at-23.47.26-225x300.jpeg 225w, http:\/\/www.uzunotoaksesuar.com.tr\/wp-content\/uploads\/2023\/07\/WhatsApp-Image-2023-07-09-at-23.47.26-1152x1536.jpeg 1152w, http:\/\/www.uzunotoaksesuar.com.tr\/wp-content\/uploads\/2023\/07\/WhatsApp-Image-2023-07-09-at-23.47.26.jpeg 1200w\" sizes=\"(max-width: 768px) 100vw, 768px\" \/><\/figure><\/div><\/div>\n\n\n\n<div class=\"wp-block-column is-layout-flow\"><div class=\"wp-block-image\">\n<figure class=\"aligncenter size-large\"><img decoding=\"async\" loading=\"lazy\" width=\"768\" height=\"1024\" src=\"http:\/\/www.uzunotoaksesuar.com.tr\/wp-content\/uploads\/2023\/07\/WhatsApp-Image-2023-07-09-at-23.47.27-1-768x1024.jpeg\" alt=\"\" class=\"wp-image-1226\" srcset=\"http:\/\/www.uzunotoaksesuar.com.tr\/wp-content\/uploads\/2023\/07\/WhatsApp-Image-2023-07-09-at-23.47.27-1-768x1024.jpeg 768w, http:\/\/www.uzunotoaksesuar.com.tr\/wp-content\/uploads\/2023\/07\/WhatsApp-Image-2023-07-09-at-23.47.27-1-225x300.jpeg 225w, http:\/\/www.uzunotoaksesuar.com.tr\/wp-content\/uploads\/2023\/07\/WhatsApp-Image-2023-07-09-at-23.47.27-1-1152x1536.jpeg 1152w, http:\/\/www.uzunotoaksesuar.com.tr\/wp-content\/uploads\/2023\/07\/WhatsApp-Image-2023-07-09-at-23.47.27-1.jpeg 1200w\" sizes=\"(max-width: 768px) 100vw, 768px\" \/><\/figure><\/div><\/div>\n<\/div>\n\n\n\n<div class=\"wp-block-columns is-layout-flex wp-container-36\">\n<div class=\"wp-block-column is-layout-flow\"><div class=\"wp-block-image\">\n<figure class=\"aligncenter size-large\"><img decoding=\"async\" loading=\"lazy\" width=\"768\" height=\"1024\" src=\"http:\/\/www.uzunotoaksesuar.com.tr\/wp-content\/uploads\/2023\/07\/WhatsApp-Image-2023-07-09-at-23.47.27-2-768x1024.jpeg\" alt=\"\" class=\"wp-image-1227\" srcset=\"http:\/\/www.uzunotoaksesuar.com.tr\/wp-content\/uploads\/2023\/07\/WhatsApp-Image-2023-07-09-at-23.47.27-2-768x1024.jpeg 768w, http:\/\/www.uzunotoaksesuar.com.tr\/wp-content\/uploads\/2023\/07\/WhatsApp-Image-2023-07-09-at-23.47.27-2-225x300.jpeg 225w, http:\/\/www.uzunotoaksesuar.com.tr\/wp-content\/uploads\/2023\/07\/WhatsApp-Image-2023-07-09-at-23.47.27-2-1152x1536.jpeg 1152w, http:\/\/www.uzunotoaksesuar.com.tr\/wp-content\/uploads\/2023\/07\/WhatsApp-Image-2023-07-09-at-23.47.27-2.jpeg 1200w\" sizes=\"(max-width: 768px) 100vw, 768px\" \/><\/figure><\/div><\/div>\n\n\n\n<div class=\"wp-block-column is-layout-flow\"><div class=\"wp-block-image\">\n<figure class=\"aligncenter size-large\"><img decoding=\"async\" loading=\"lazy\" width=\"768\" height=\"1024\" src=\"http:\/\/www.uzunotoaksesuar.com.tr\/wp-content\/uploads\/2023\/07\/WhatsApp-Image-2023-07-09-at-23.47.27-768x1024.jpeg\" alt=\"\" class=\"wp-image-1228\" srcset=\"http:\/\/www.uzunotoaksesuar.com.tr\/wp-content\/uploads\/2023\/07\/WhatsApp-Image-2023-07-09-at-23.47.27-768x1024.jpeg 768w, http:\/\/www.uzunotoaksesuar.com.tr\/wp-content\/uploads\/2023\/07\/WhatsApp-Image-2023-07-09-at-23.47.27-225x300.jpeg 225w, http:\/\/www.uzunotoaksesuar.com.tr\/wp-content\/uploads\/2023\/07\/WhatsApp-Image-2023-07-09-at-23.47.27-1152x1536.jpeg 1152w, http:\/\/www.uzunotoaksesuar.com.tr\/wp-content\/uploads\/2023\/07\/WhatsApp-Image-2023-07-09-at-23.47.27.jpeg 1200w\" sizes=\"(max-width: 768px) 100vw, 768px\" \/><\/figure><\/div><\/div>\n\n\n\n<div class=\"wp-block-column is-layout-flow\"><div class=\"wp-block-image\">\n<figure class=\"aligncenter size-large\"><img decoding=\"async\" loading=\"lazy\" width=\"785\" height=\"1024\" src=\"http:\/\/www.uzunotoaksesuar.com.tr\/wp-content\/uploads\/2023\/07\/WhatsApp-Image-2023-07-10-at-00.03.52-785x1024.jpeg\" alt=\"\" class=\"wp-image-1229\" srcset=\"http:\/\/www.uzunotoaksesuar.com.tr\/wp-content\/uploads\/2023\/07\/WhatsApp-Image-2023-07-10-at-00.03.52-785x1024.jpeg 785w, http:\/\/www.uzunotoaksesuar.com.tr\/wp-content\/uploads\/2023\/07\/WhatsApp-Image-2023-07-10-at-00.03.52-230x300.jpeg 230w, http:\/\/www.uzunotoaksesuar.com.tr\/wp-content\/uploads\/2023\/07\/WhatsApp-Image-2023-07-10-at-00.03.52-768x1002.jpeg 768w, http:\/\/www.uzunotoaksesuar.com.tr\/wp-content\/uploads\/2023\/07\/WhatsApp-Image-2023-07-10-at-00.03.52.jpeg 1078w\" sizes=\"(max-width: 785px) 100vw, 785px\" \/><\/figure><\/div><\/div>\n<\/div>\n","protected":false},"excerpt":{"rendered":"","protected":false},"author":1,"featured_media":0,"parent":0,"menu_order":0,"comment_status":"closed","ping_status":"closed","template":"","meta":[],"_links":{"self":[{"href":"http:\/\/www.uzunotoaksesuar.com.tr\/index.php\/wp-json\/wp\/v2\/pages\/1071"}],"collection":[{"href":"http:\/\/www.uzunotoaksesuar.com.tr\/index.php\/wp-json\/wp\/v2\/pages"}],"about":[{"href":"http:\/\/www.uzunotoaksesuar.com.tr\/index.php\/wp-json\/wp\/v2\/types\/page"}],"author":[{"embeddable":true,"href":"http:\/\/www.uzunotoaksesuar.com.tr\/index.php\/wp-json\/wp\/v2\/users\/1"}],"replies":[{"embeddable":true,"href":"http:\/\/www.uzunotoaksesuar.com.tr\/index.php\/wp-json\/wp\/v2\/comments?post=1071"}],"version-history":[{"count":6,"href":"http:\/\/www.uzunotoaksesuar.com.tr\/index.php\/wp-json\/wp\/v2\/pages\/1071\/revisions"}],"predecessor-version":[{"id":1230,"href":"http:\/\/www.uzunotoaksesuar.com.tr\/index.php\/wp-json\/wp\/v2\/pages\/1071\/revisions\/1230"}],"wp:attachment":[{"href":"http:\/\/www.uzunotoaksesuar.com.tr\/index.php\/wp-json\/wp\/v2\/media?parent=1071"}],"curies":[{"name":"wp","href":"https:\/\/api.w.org\/{rel}","templated":true}]}}