{"id":111,"date":"2023-06-30T22:46:28","date_gmt":"2023-06-30T22:46:28","guid":{"rendered":"http:\/\/www.uzunotoaksesuar.com.tr\/?page_id=111"},"modified":"2023-07-08T21:59:43","modified_gmt":"2023-07-08T21:59:43","slug":"ampul-grubu","status":"publish","type":"page","link":"http:\/\/www.uzunotoaksesuar.com.tr\/index.php\/ampul-grubu\/","title":{"rendered":"Amp\u00fcl Grubu"},"content":{"rendered":"\n<div class=\"wp-block-group is-layout-constrained\"><div class=\"wp-block-group__inner-container\"><\/div><\/div>\n\n\n\n<figure class=\"wp-block-image\"><img decoding=\"async\" src=\"blob:http:\/\/www.uzunotoaksesuar.com.tr\/9e3026da-9407-4049-8bf1-1e12601ab47e\" alt=\"\"\/><\/figure>\n\n\n\n<div class=\"wp-block-columns is-layout-flex wp-container-9\">\n<div class=\"wp-block-column is-layout-flow\">\n<figure class=\"wp-block-gallery has-nested-images columns-default is-cropped wp-block-gallery-2 is-layout-flex\">\n<figure class=\"wp-block-image size-large\"><img decoding=\"async\" loading=\"lazy\" width=\"360\" height=\"360\" src=\"http:\/\/www.uzunotoaksesuar.com.tr\/wp-content\/uploads\/2023\/07\/photon-ultimate-h7-mavera-otomotiv-2_min-2.webp\" alt=\"\" class=\"wp-image-380\" srcset=\"http:\/\/www.uzunotoaksesuar.com.tr\/wp-content\/uploads\/2023\/07\/photon-ultimate-h7-mavera-otomotiv-2_min-2.webp 360w, http:\/\/www.uzunotoaksesuar.com.tr\/wp-content\/uploads\/2023\/07\/photon-ultimate-h7-mavera-otomotiv-2_min-2-300x300.webp 300w, http:\/\/www.uzunotoaksesuar.com.tr\/wp-content\/uploads\/2023\/07\/photon-ultimate-h7-mavera-otomotiv-2_min-2-150x150.webp 150w\" sizes=\"(max-width: 360px) 100vw, 360px\" \/><figcaption class=\"wp-element-caption\"><strong><mark style=\"background-color:#ffffff\" class=\"has-inline-color has-black-color\">H7 ULT\u0130MATE 5 PLUS EN UYGUN F\u0130YAT GARANT\u0130S\u0130<\/mark><\/strong><\/figcaption><\/figure>\n<\/figure>\n<\/div>\n\n\n\n<div class=\"wp-block-column is-layout-flow\">\n<figure class=\"wp-block-gallery has-nested-images columns-default is-cropped wp-block-gallery-5 is-layout-flex\">\n<figure class=\"wp-block-image size-large\"><img decoding=\"async\" loading=\"lazy\" width=\"360\" height=\"360\" src=\"http:\/\/www.uzunotoaksesuar.com.tr\/wp-content\/uploads\/2023\/07\/photon-ultimate-h1-4-plus-1_min.webp\" alt=\"\" class=\"wp-image-383\" srcset=\"http:\/\/www.uzunotoaksesuar.com.tr\/wp-content\/uploads\/2023\/07\/photon-ultimate-h1-4-plus-1_min.webp 360w, http:\/\/www.uzunotoaksesuar.com.tr\/wp-content\/uploads\/2023\/07\/photon-ultimate-h1-4-plus-1_min-300x300.webp 300w, http:\/\/www.uzunotoaksesuar.com.tr\/wp-content\/uploads\/2023\/07\/photon-ultimate-h1-4-plus-1_min-150x150.webp 150w\" sizes=\"(max-width: 360px) 100vw, 360px\" \/><figcaption class=\"wp-element-caption\"><mark><mark style=\"background-color:#ffffff\" class=\"has-inline-color has-black-color\"><strong>H1 ULT\u0130MATE 5 PLUS EN UYGUN F\u0130YAT GARANT\u0130S\u0130<\/strong><\/mark><\/mark><\/figcaption><\/figure>\n<\/figure>\n<\/div>\n\n\n\n<div class=\"wp-block-column is-layout-flow\"><div class=\"wp-block-image\">\n<figure class=\"aligncenter size-large is-resized\"><img decoding=\"async\" loading=\"lazy\" src=\"http:\/\/www.uzunotoaksesuar.com.tr\/wp-content\/uploads\/2023\/07\/h4-1-1024x865.jpeg\" alt=\"\" class=\"wp-image-390\" width=\"229\" height=\"193\" srcset=\"http:\/\/www.uzunotoaksesuar.com.tr\/wp-content\/uploads\/2023\/07\/h4-1-1024x865.jpeg 1024w, http:\/\/www.uzunotoaksesuar.com.tr\/wp-content\/uploads\/2023\/07\/h4-1-300x253.jpeg 300w, http:\/\/www.uzunotoaksesuar.com.tr\/wp-content\/uploads\/2023\/07\/h4-1-768x648.jpeg 768w, http:\/\/www.uzunotoaksesuar.com.tr\/wp-content\/uploads\/2023\/07\/h4-1-1536x1297.jpeg 1536w, http:\/\/www.uzunotoaksesuar.com.tr\/wp-content\/uploads\/2023\/07\/h4-1.jpeg 1600w\" sizes=\"(max-width: 229px) 100vw, 229px\" \/><figcaption class=\"wp-element-caption\"><strong>H4 ULT\u0130MATE 5 PLUS EN UYGUN F\u0130YAT GARANT\u0130S\u0130<\/strong><\/figcaption><\/figure><\/div><\/div>\n<\/div>\n\n\n\n<figure class=\"wp-block-gallery has-nested-images columns-default is-cropped wp-block-gallery-10 is-layout-flex\"><\/figure>\n\n\n\n<div class=\"wp-block-columns is-layout-flex wp-container-15\">\n<div class=\"wp-block-column is-layout-flow\"><div class=\"wp-block-image\">\n<figure class=\"aligncenter size-large is-resized\"><img decoding=\"async\" loading=\"lazy\" src=\"http:\/\/www.uzunotoaksesuar.com.tr\/wp-content\/uploads\/2023\/07\/9005-2-931x1024.jpeg\" alt=\"\" class=\"wp-image-400\" width=\"262\" height=\"288\" srcset=\"http:\/\/www.uzunotoaksesuar.com.tr\/wp-content\/uploads\/2023\/07\/9005-2-931x1024.jpeg 931w, http:\/\/www.uzunotoaksesuar.com.tr\/wp-content\/uploads\/2023\/07\/9005-2-273x300.jpeg 273w, http:\/\/www.uzunotoaksesuar.com.tr\/wp-content\/uploads\/2023\/07\/9005-2-768x845.jpeg 768w, http:\/\/www.uzunotoaksesuar.com.tr\/wp-content\/uploads\/2023\/07\/9005-2-1396x1536.jpeg 1396w, http:\/\/www.uzunotoaksesuar.com.tr\/wp-content\/uploads\/2023\/07\/9005-2.jpeg 1454w\" sizes=\"(max-width: 262px) 100vw, 262px\" \/><figcaption class=\"wp-element-caption\"><strong>9005 HB3<mark style=\"background-color:#ffffff\" class=\"has-inline-color has-black-color\"> ULT\u0130MATE 5 PLUS EN UYGUN F\u0130YAT GARANT\u0130S\u0130<\/mark><\/strong><\/figcaption><\/figure><\/div><\/div>\n\n\n\n<div class=\"wp-block-column is-layout-flow\"><div class=\"wp-block-image\">\n<figure class=\"aligncenter size-large is-resized\"><img decoding=\"async\" loading=\"lazy\" src=\"http:\/\/www.uzunotoaksesuar.com.tr\/wp-content\/uploads\/2023\/07\/h11-6-829x1024.jpeg\" alt=\"\" class=\"wp-image-402\" width=\"237\" height=\"293\" srcset=\"http:\/\/www.uzunotoaksesuar.com.tr\/wp-content\/uploads\/2023\/07\/h11-6-829x1024.jpeg 829w, http:\/\/www.uzunotoaksesuar.com.tr\/wp-content\/uploads\/2023\/07\/h11-6-243x300.jpeg 243w, http:\/\/www.uzunotoaksesuar.com.tr\/wp-content\/uploads\/2023\/07\/h11-6-768x949.jpeg 768w, http:\/\/www.uzunotoaksesuar.com.tr\/wp-content\/uploads\/2023\/07\/h11-6-1243x1536.jpeg 1243w, http:\/\/www.uzunotoaksesuar.com.tr\/wp-content\/uploads\/2023\/07\/h11-6.jpeg 1295w\" sizes=\"(max-width: 237px) 100vw, 237px\" \/><figcaption class=\"wp-element-caption\"><strong><mark style=\"background-color:#ffffff\" class=\"has-inline-color has-black-color\">H11 ULT\u0130MATE 5 PLUS EN UYGUN F\u0130YAT GARANT\u0130S\u0130<\/mark><\/strong><\/figcaption><\/figure><\/div><\/div>\n\n\n\n<div class=\"wp-block-column is-layout-flow\"><div class=\"wp-block-image\">\n<figure class=\"aligncenter size-large is-resized\"><img decoding=\"async\" loading=\"lazy\" src=\"http:\/\/www.uzunotoaksesuar.com.tr\/wp-content\/uploads\/2023\/07\/9005-2-931x1024.jpeg\" alt=\"\" class=\"wp-image-400\" width=\"262\" height=\"288\" srcset=\"http:\/\/www.uzunotoaksesuar.com.tr\/wp-content\/uploads\/2023\/07\/9005-2-931x1024.jpeg 931w, http:\/\/www.uzunotoaksesuar.com.tr\/wp-content\/uploads\/2023\/07\/9005-2-273x300.jpeg 273w, http:\/\/www.uzunotoaksesuar.com.tr\/wp-content\/uploads\/2023\/07\/9005-2-768x845.jpeg 768w, http:\/\/www.uzunotoaksesuar.com.tr\/wp-content\/uploads\/2023\/07\/9005-2-1396x1536.jpeg 1396w, http:\/\/www.uzunotoaksesuar.com.tr\/wp-content\/uploads\/2023\/07\/9005-2.jpeg 1454w\" sizes=\"(max-width: 262px) 100vw, 262px\" \/><figcaption class=\"wp-element-caption\"><strong>9006 HB4<mark style=\"background-color:#ffffff\" class=\"has-inline-color has-black-color\"> ULT\u0130MATE 5 PLUS EN UYGUN F\u0130YAT GARANT\u0130S\u0130<\/mark><\/strong><\/figcaption><\/figure><\/div><\/div>\n<\/div>\n\n\n\n<div class=\"wp-block-columns is-layout-flex wp-container-21\">\n<div class=\"wp-block-column is-layout-flow\">\n<figure class=\"wp-block-gallery has-nested-images columns-default is-cropped wp-block-gallery-16 is-layout-flex\">\n<figure class=\"wp-block-image size-large\"><img decoding=\"async\" loading=\"lazy\" width=\"360\" height=\"360\" src=\"http:\/\/www.uzunotoaksesuar.com.tr\/wp-content\/uploads\/2023\/07\/H15.webp\" alt=\"\" class=\"wp-image-404\" srcset=\"http:\/\/www.uzunotoaksesuar.com.tr\/wp-content\/uploads\/2023\/07\/H15.webp 360w, http:\/\/www.uzunotoaksesuar.com.tr\/wp-content\/uploads\/2023\/07\/H15-300x300.webp 300w, http:\/\/www.uzunotoaksesuar.com.tr\/wp-content\/uploads\/2023\/07\/H15-150x150.webp 150w\" sizes=\"(max-width: 360px) 100vw, 360px\" \/><\/figure>\n<\/figure>\n\n\n\n<p class=\"has-text-align-center\"><strong><mark style=\"background-color:#ffffff\" class=\"has-inline-color has-black-color\">H15 ULT\u0130MATE 5 PLUS EN  UYGUN F\u0130YAT GARANT\u0130S\u0130<\/mark><\/strong><\/p>\n<\/div>\n\n\n\n<div class=\"wp-block-column is-layout-flow\"><div class=\"wp-block-image\">\n<figure class=\"aligncenter size-full is-resized\"><img decoding=\"async\" loading=\"lazy\" src=\"http:\/\/www.uzunotoaksesuar.com.tr\/wp-content\/uploads\/2023\/07\/HIR-2.webp\" alt=\"\" class=\"wp-image-405\" width=\"252\" height=\"252\" srcset=\"http:\/\/www.uzunotoaksesuar.com.tr\/wp-content\/uploads\/2023\/07\/HIR-2.webp 300w, http:\/\/www.uzunotoaksesuar.com.tr\/wp-content\/uploads\/2023\/07\/HIR-2-150x150.webp 150w\" sizes=\"(max-width: 252px) 100vw, 252px\" \/><\/figure><\/div>\n\n\n<p class=\"has-text-align-center\"><strong><mark style=\"background-color:#ffffff\" class=\"has-inline-color has-black-color\">HIR2 9012 ULT\u0130MATE 5 PLUS EN  UYGUN F\u0130YAT GARANT\u0130S\u0130<\/mark><\/strong><\/p>\n<\/div>\n\n\n\n<div class=\"wp-block-column is-layout-flow\">\n<figure class=\"wp-block-image size-full\"><img decoding=\"async\" loading=\"lazy\" width=\"360\" height=\"360\" src=\"http:\/\/www.uzunotoaksesuar.com.tr\/wp-content\/uploads\/2023\/07\/photon-ultimate-h7-mavera-otomotiv-2_min-3.webp\" alt=\"\" class=\"wp-image-406\" srcset=\"http:\/\/www.uzunotoaksesuar.com.tr\/wp-content\/uploads\/2023\/07\/photon-ultimate-h7-mavera-otomotiv-2_min-3.webp 360w, http:\/\/www.uzunotoaksesuar.com.tr\/wp-content\/uploads\/2023\/07\/photon-ultimate-h7-mavera-otomotiv-2_min-3-300x300.webp 300w, http:\/\/www.uzunotoaksesuar.com.tr\/wp-content\/uploads\/2023\/07\/photon-ultimate-h7-mavera-otomotiv-2_min-3-150x150.webp 150w\" sizes=\"(max-width: 360px) 100vw, 360px\" \/><\/figure>\n\n\n\n<p><\/p>\n<\/div>\n<\/div>\n\n\n\n<p><\/p>\n\n\n\n<div class=\"wp-block-columns is-layout-flex wp-container-25\">\n<div class=\"wp-block-column is-layout-flow\"><div class=\"wp-block-image\">\n<figure class=\"aligncenter size-large is-resized\"><img decoding=\"async\" loading=\"lazy\" src=\"http:\/\/www.uzunotoaksesuar.com.tr\/wp-content\/uploads\/2023\/07\/WhatsApp-Image-2023-07-04-at-00.03.19-822x1024.jpeg\" alt=\"\" class=\"wp-image-413\" width=\"208\" height=\"258\" srcset=\"http:\/\/www.uzunotoaksesuar.com.tr\/wp-content\/uploads\/2023\/07\/WhatsApp-Image-2023-07-04-at-00.03.19-822x1024.jpeg 822w, http:\/\/www.uzunotoaksesuar.com.tr\/wp-content\/uploads\/2023\/07\/WhatsApp-Image-2023-07-04-at-00.03.19-241x300.jpeg 241w, http:\/\/www.uzunotoaksesuar.com.tr\/wp-content\/uploads\/2023\/07\/WhatsApp-Image-2023-07-04-at-00.03.19-768x957.jpeg 768w, http:\/\/www.uzunotoaksesuar.com.tr\/wp-content\/uploads\/2023\/07\/WhatsApp-Image-2023-07-04-at-00.03.19.jpeg 1039w\" sizes=\"(max-width: 208px) 100vw, 208px\" \/><figcaption class=\"wp-element-caption\"><strong><mark><mark style=\"background-color:#ffffff\" class=\"has-inline-color has-black-color\">H1 M\u0130LESTONE EN UYGUN F\u0130YAT GARANT\u0130S\u0130<\/mark><\/mark><\/strong><\/figcaption><\/figure><\/div><\/div>\n\n\n\n<div class=\"wp-block-column is-layout-flow\"><div class=\"wp-block-image\">\n<figure class=\"aligncenter size-full\"><img decoding=\"async\" loading=\"lazy\" width=\"360\" height=\"360\" src=\"http:\/\/www.uzunotoaksesuar.com.tr\/wp-content\/uploads\/2023\/07\/photon-milestone-h7-mavera-otomotiv-1_min.webp\" alt=\"\" class=\"wp-image-409\" srcset=\"http:\/\/www.uzunotoaksesuar.com.tr\/wp-content\/uploads\/2023\/07\/photon-milestone-h7-mavera-otomotiv-1_min.webp 360w, http:\/\/www.uzunotoaksesuar.com.tr\/wp-content\/uploads\/2023\/07\/photon-milestone-h7-mavera-otomotiv-1_min-300x300.webp 300w, http:\/\/www.uzunotoaksesuar.com.tr\/wp-content\/uploads\/2023\/07\/photon-milestone-h7-mavera-otomotiv-1_min-150x150.webp 150w\" sizes=\"(max-width: 360px) 100vw, 360px\" \/><figcaption class=\"wp-element-caption\"><strong><mark style=\"background-color:#ffffff\" class=\"has-inline-color has-black-color\">H7 M\u0130LESTONE EN  UYGUN F\u0130YAT GARANT\u0130S\u0130<\/mark><\/strong><\/figcaption><\/figure><\/div><\/div>\n\n\n\n<div class=\"wp-block-column is-layout-flow\"><div class=\"wp-block-image\">\n<figure class=\"aligncenter size-full is-resized\"><img decoding=\"async\" loading=\"lazy\" src=\"http:\/\/www.uzunotoaksesuar.com.tr\/wp-content\/uploads\/2023\/07\/photon-milestone-h4-mavera-otomotiv-1_min.jpg\" alt=\"\" class=\"wp-image-410\" width=\"253\" height=\"253\" srcset=\"http:\/\/www.uzunotoaksesuar.com.tr\/wp-content\/uploads\/2023\/07\/photon-milestone-h4-mavera-otomotiv-1_min.jpg 360w, http:\/\/www.uzunotoaksesuar.com.tr\/wp-content\/uploads\/2023\/07\/photon-milestone-h4-mavera-otomotiv-1_min-300x300.jpg 300w, http:\/\/www.uzunotoaksesuar.com.tr\/wp-content\/uploads\/2023\/07\/photon-milestone-h4-mavera-otomotiv-1_min-150x150.jpg 150w\" sizes=\"(max-width: 253px) 100vw, 253px\" \/><figcaption class=\"wp-element-caption\"><strong><mark style=\"background-color:#ffffff\" class=\"has-inline-color has-black-color\">H4 M\u0130LESTONE EN  UYGUN F\u0130YAT GARANT\u0130S\u0130<\/mark><\/strong><\/figcaption><\/figure><\/div><\/div>\n<\/div>\n\n\n\n<div class=\"wp-block-columns is-layout-flex wp-container-31\">\n<div class=\"wp-block-column is-layout-flow\">\n<figure class=\"wp-block-gallery has-nested-images columns-default is-cropped wp-block-gallery-26 is-layout-flex\">\n<figure class=\"wp-block-image size-large\"><img decoding=\"async\" loading=\"lazy\" width=\"360\" height=\"360\" src=\"http:\/\/www.uzunotoaksesuar.com.tr\/wp-content\/uploads\/2023\/07\/photon-milestone-h7-mavera-otomotiv-1_min-2.webp\" alt=\"\" class=\"wp-image-422\" srcset=\"http:\/\/www.uzunotoaksesuar.com.tr\/wp-content\/uploads\/2023\/07\/photon-milestone-h7-mavera-otomotiv-1_min-2.webp 360w, http:\/\/www.uzunotoaksesuar.com.tr\/wp-content\/uploads\/2023\/07\/photon-milestone-h7-mavera-otomotiv-1_min-2-300x300.webp 300w, http:\/\/www.uzunotoaksesuar.com.tr\/wp-content\/uploads\/2023\/07\/photon-milestone-h7-mavera-otomotiv-1_min-2-150x150.webp 150w\" sizes=\"(max-width: 360px) 100vw, 360px\" \/><\/figure>\n<\/figure>\n\n\n\n<p class=\"has-text-align-center\"><strong><mark style=\"background-color:#ffffff\" class=\"has-inline-color has-black-color\">H7 M\u0130LESTONE EN  UYGUN F\u0130YAT GARANT\u0130S\u0130<\/mark><\/strong><\/p>\n<\/div>\n\n\n\n<div class=\"wp-block-column is-layout-flow\"><div class=\"wp-block-image\">\n<figure class=\"aligncenter size-full is-resized\"><img decoding=\"async\" loading=\"lazy\" src=\"http:\/\/www.uzunotoaksesuar.com.tr\/wp-content\/uploads\/2023\/07\/photon-milestone-hir2-9012-mavera-otomotiv-1_min.webp\" alt=\"\" class=\"wp-image-419\" width=\"273\" height=\"273\" srcset=\"http:\/\/www.uzunotoaksesuar.com.tr\/wp-content\/uploads\/2023\/07\/photon-milestone-hir2-9012-mavera-otomotiv-1_min.webp 360w, http:\/\/www.uzunotoaksesuar.com.tr\/wp-content\/uploads\/2023\/07\/photon-milestone-hir2-9012-mavera-otomotiv-1_min-300x300.webp 300w, http:\/\/www.uzunotoaksesuar.com.tr\/wp-content\/uploads\/2023\/07\/photon-milestone-hir2-9012-mavera-otomotiv-1_min-150x150.webp 150w\" sizes=\"(max-width: 273px) 100vw, 273px\" \/><figcaption class=\"wp-element-caption\"><strong><mark style=\"background-color:#ffffff\" class=\"has-inline-color has-black-color\">HIR2 9012 M\u0130LESTONE EN  UYGUN F\u0130YAT GARANT\u0130S\u0130<\/mark><\/strong><\/figcaption><\/figure><\/div><\/div>\n\n\n\n<div class=\"wp-block-column is-layout-flow\"><div class=\"wp-block-image\">\n<figure class=\"aligncenter size-full is-resized\"><img decoding=\"async\" loading=\"lazy\" src=\"http:\/\/www.uzunotoaksesuar.com.tr\/wp-content\/uploads\/2023\/07\/photon-milestone-hb3-9005-hb4-9006-kaizen-edition-1_min.jpg\" alt=\"\" class=\"wp-image-420\" width=\"266\" height=\"266\" srcset=\"http:\/\/www.uzunotoaksesuar.com.tr\/wp-content\/uploads\/2023\/07\/photon-milestone-hb3-9005-hb4-9006-kaizen-edition-1_min.jpg 360w, http:\/\/www.uzunotoaksesuar.com.tr\/wp-content\/uploads\/2023\/07\/photon-milestone-hb3-9005-hb4-9006-kaizen-edition-1_min-300x300.jpg 300w, http:\/\/www.uzunotoaksesuar.com.tr\/wp-content\/uploads\/2023\/07\/photon-milestone-hb3-9005-hb4-9006-kaizen-edition-1_min-150x150.jpg 150w\" sizes=\"(max-width: 266px) 100vw, 266px\" \/><figcaption class=\"wp-element-caption\"><strong><mark style=\"background-color:#ffffff\" class=\"has-inline-color has-black-color\">H7 M\u0130LESTONE EN  UYGUN F\u0130YAT GARANT\u0130S\u0130<\/mark><\/strong><\/figcaption><\/figure><\/div><\/div>\n<\/div>\n\n\n\n<div class=\"wp-block-columns is-layout-flex wp-container-35\">\n<div class=\"wp-block-column is-layout-flow\"><div class=\"wp-block-image\">\n<figure class=\"aligncenter size-full\"><img decoding=\"async\" loading=\"lazy\" width=\"360\" height=\"360\" src=\"http:\/\/www.uzunotoaksesuar.com.tr\/wp-content\/uploads\/2023\/07\/photon-d1s-xenon-led-non-ballast-version-ml2621-1_min-1-1.webp\" alt=\"\" class=\"wp-image-434\" srcset=\"http:\/\/www.uzunotoaksesuar.com.tr\/wp-content\/uploads\/2023\/07\/photon-d1s-xenon-led-non-ballast-version-ml2621-1_min-1-1.webp 360w, http:\/\/www.uzunotoaksesuar.com.tr\/wp-content\/uploads\/2023\/07\/photon-d1s-xenon-led-non-ballast-version-ml2621-1_min-1-1-300x300.webp 300w, http:\/\/www.uzunotoaksesuar.com.tr\/wp-content\/uploads\/2023\/07\/photon-d1s-xenon-led-non-ballast-version-ml2621-1_min-1-1-150x150.webp 150w\" sizes=\"(max-width: 360px) 100vw, 360px\" \/><figcaption class=\"wp-element-caption\"><strong><mark style=\"background-color:#abb8c3\" class=\"has-inline-color has-black-color\"><strong><mark style=\"background-color:#ffffff\" class=\"has-inline-color has-black-color\">D1S\/R M\u0130LESTONE EN  UYGUN F\u0130YAT GARANT\u0130S\u0130<\/mark><\/strong><\/mark><\/strong><\/figcaption><\/figure><\/div><\/div>\n\n\n\n<div class=\"wp-block-column is-layout-flow\"><div class=\"wp-block-image\">\n<figure class=\"aligncenter size-full\"><img decoding=\"async\" loading=\"lazy\" width=\"360\" height=\"360\" src=\"http:\/\/www.uzunotoaksesuar.com.tr\/wp-content\/uploads\/2023\/07\/photon-d2s-xenon-led-non-ballast-version-ml2622-1_min-1.jpg\" alt=\"\" class=\"wp-image-435\" srcset=\"http:\/\/www.uzunotoaksesuar.com.tr\/wp-content\/uploads\/2023\/07\/photon-d2s-xenon-led-non-ballast-version-ml2622-1_min-1.jpg 360w, http:\/\/www.uzunotoaksesuar.com.tr\/wp-content\/uploads\/2023\/07\/photon-d2s-xenon-led-non-ballast-version-ml2622-1_min-1-300x300.jpg 300w, http:\/\/www.uzunotoaksesuar.com.tr\/wp-content\/uploads\/2023\/07\/photon-d2s-xenon-led-non-ballast-version-ml2622-1_min-1-150x150.jpg 150w\" sizes=\"(max-width: 360px) 100vw, 360px\" \/><figcaption class=\"wp-element-caption\"><strong><mark style=\"background-color:#ffffff\" class=\"has-inline-color has-black-color\">D2S\/R M\u0130LESTONE EN  UYGUN F\u0130YAT GARANT\u0130S\u0130<\/mark><\/strong><\/figcaption><\/figure><\/div><\/div>\n\n\n\n<div class=\"wp-block-column is-layout-flow\"><div class=\"wp-block-image\">\n<figure class=\"aligncenter size-full\"><img decoding=\"async\" loading=\"lazy\" width=\"360\" height=\"360\" src=\"http:\/\/www.uzunotoaksesuar.com.tr\/wp-content\/uploads\/2023\/07\/photon-d1s-xenon-led-non-ballast-version-ml2621-1_min-2.webp\" alt=\"\" class=\"wp-image-436\" srcset=\"http:\/\/www.uzunotoaksesuar.com.tr\/wp-content\/uploads\/2023\/07\/photon-d1s-xenon-led-non-ballast-version-ml2621-1_min-2.webp 360w, http:\/\/www.uzunotoaksesuar.com.tr\/wp-content\/uploads\/2023\/07\/photon-d1s-xenon-led-non-ballast-version-ml2621-1_min-2-300x300.webp 300w, http:\/\/www.uzunotoaksesuar.com.tr\/wp-content\/uploads\/2023\/07\/photon-d1s-xenon-led-non-ballast-version-ml2621-1_min-2-150x150.webp 150w\" sizes=\"(max-width: 360px) 100vw, 360px\" \/><figcaption class=\"wp-element-caption\"><strong><mark style=\"background-color:#ffffff\" class=\"has-inline-color has-black-color\">D3S\/R M\u0130LESTONE EN  UYGUN F\u0130YAT GARANT\u0130S\u0130<\/mark><\/strong><\/figcaption><\/figure><\/div><\/div>\n<\/div>\n\n\n\n<div class=\"wp-block-columns is-layout-flex wp-container-39\">\n<div class=\"wp-block-column is-layout-flow\"><div class=\"wp-block-image\">\n<figure class=\"aligncenter size-full\"><img decoding=\"async\" loading=\"lazy\" width=\"360\" height=\"360\" src=\"http:\/\/www.uzunotoaksesuar.com.tr\/wp-content\/uploads\/2023\/07\/photon-d4s-xenon-led-non-ballast-version-ml2622-1_min-1.jpg\" alt=\"\" class=\"wp-image-438\" srcset=\"http:\/\/www.uzunotoaksesuar.com.tr\/wp-content\/uploads\/2023\/07\/photon-d4s-xenon-led-non-ballast-version-ml2622-1_min-1.jpg 360w, http:\/\/www.uzunotoaksesuar.com.tr\/wp-content\/uploads\/2023\/07\/photon-d4s-xenon-led-non-ballast-version-ml2622-1_min-1-300x300.jpg 300w, http:\/\/www.uzunotoaksesuar.com.tr\/wp-content\/uploads\/2023\/07\/photon-d4s-xenon-led-non-ballast-version-ml2622-1_min-1-150x150.jpg 150w\" sizes=\"(max-width: 360px) 100vw, 360px\" \/><figcaption class=\"wp-element-caption\"><strong><mark style=\"background-color:#ffffff\" class=\"has-inline-color has-black-color\">D4S\/R M\u0130LESTONE EN  UYGUN F\u0130YAT GARANT\u0130S\u0130<\/mark><\/strong><\/figcaption><\/figure><\/div><\/div>\n\n\n\n<div class=\"wp-block-column is-layout-flow\"><div class=\"wp-block-image\">\n<figure class=\"aligncenter size-full\"><img decoding=\"async\" loading=\"lazy\" width=\"360\" height=\"360\" src=\"http:\/\/www.uzunotoaksesuar.com.tr\/wp-content\/uploads\/2023\/07\/photon-d5s-xenon-led-non-ballast-version-ml2625-1_min-1.jpg\" alt=\"\" class=\"wp-image-439\" srcset=\"http:\/\/www.uzunotoaksesuar.com.tr\/wp-content\/uploads\/2023\/07\/photon-d5s-xenon-led-non-ballast-version-ml2625-1_min-1.jpg 360w, http:\/\/www.uzunotoaksesuar.com.tr\/wp-content\/uploads\/2023\/07\/photon-d5s-xenon-led-non-ballast-version-ml2625-1_min-1-300x300.jpg 300w, http:\/\/www.uzunotoaksesuar.com.tr\/wp-content\/uploads\/2023\/07\/photon-d5s-xenon-led-non-ballast-version-ml2625-1_min-1-150x150.jpg 150w\" sizes=\"(max-width: 360px) 100vw, 360px\" \/><figcaption class=\"wp-element-caption\"><strong><mark style=\"background-color:#ffffff\" class=\"has-inline-color has-black-color\">D5S M\u0130LESTONE EN  UYGUN F\u0130YAT GARANT\u0130S\u0130<\/mark><\/strong><\/figcaption><\/figure><\/div><\/div>\n\n\n\n<div class=\"wp-block-column is-layout-flow\">\n<figure class=\"wp-block-image size-large\"><img decoding=\"async\" loading=\"lazy\" width=\"768\" height=\"1024\" src=\"http:\/\/www.uzunotoaksesuar.com.tr\/wp-content\/uploads\/2023\/07\/WhatsApp-Image-2023-07-04-at-00.52.50-768x1024.jpeg\" alt=\"\" class=\"wp-image-441\" srcset=\"http:\/\/www.uzunotoaksesuar.com.tr\/wp-content\/uploads\/2023\/07\/WhatsApp-Image-2023-07-04-at-00.52.50-768x1024.jpeg 768w, http:\/\/www.uzunotoaksesuar.com.tr\/wp-content\/uploads\/2023\/07\/WhatsApp-Image-2023-07-04-at-00.52.50-225x300.jpeg 225w, http:\/\/www.uzunotoaksesuar.com.tr\/wp-content\/uploads\/2023\/07\/WhatsApp-Image-2023-07-04-at-00.52.50-1152x1536.jpeg 1152w, http:\/\/www.uzunotoaksesuar.com.tr\/wp-content\/uploads\/2023\/07\/WhatsApp-Image-2023-07-04-at-00.52.50.jpeg 1200w\" sizes=\"(max-width: 768px) 100vw, 768px\" \/><\/figure>\n<\/div>\n<\/div>\n\n\n\n<p class=\"has-text-align-center\"><strong>F\u0130YATLARIMIZA KARGO DAH\u0130L DE\u011e\u0130LD\u0130R. ANLA\u015eMALI KARGO \u0130LE G\u00d6NDER\u0130M YAPILIR.<\/strong><\/p>\n","protected":false},"excerpt":{"rendered":"<p>H15 ULT\u0130MATE 5 PLUS EN UYGUN F\u0130YAT GARANT\u0130S\u0130 HIR2 9012 ULT\u0130MATE 5 PLUS EN UYGUN F\u0130YAT GARANT\u0130S\u0130 H7 M\u0130LESTONE EN UYGUN F\u0130YAT GARANT\u0130S\u0130 F\u0130YATLARIMIZA KARGO DAH\u0130L DE\u011e\u0130LD\u0130R. ANLA\u015eMALI KARGO \u0130LE&hellip;<\/p>\n","protected":false},"author":1,"featured_media":0,"parent":0,"menu_order":0,"comment_status":"closed","ping_status":"closed","template":"","meta":[],"_links":{"self":[{"href":"http:\/\/www.uzunotoaksesuar.com.tr\/index.php\/wp-json\/wp\/v2\/pages\/111"}],"collection":[{"href":"http:\/\/www.uzunotoaksesuar.com.tr\/index.php\/wp-json\/wp\/v2\/pages"}],"about":[{"href":"http:\/\/www.uzunotoaksesuar.com.tr\/index.php\/wp-json\/wp\/v2\/types\/page"}],"author":[{"embeddable":true,"href":"http:\/\/www.uzunotoaksesuar.com.tr\/index.php\/wp-json\/wp\/v2\/users\/1"}],"replies":[{"embeddable":true,"href":"http:\/\/www.uzunotoaksesuar.com.tr\/index.php\/wp-json\/wp\/v2\/comments?post=111"}],"version-history":[{"count":35,"href":"http:\/\/www.uzunotoaksesuar.com.tr\/index.php\/wp-json\/wp\/v2\/pages\/111\/revisions"}],"predecessor-version":[{"id":753,"href":"http:\/\/www.uzunotoaksesuar.com.tr\/index.php\/wp-json\/wp\/v2\/pages\/111\/revisions\/753"}],"wp:attachment":[{"href":"http:\/\/www.uzunotoaksesuar.com.tr\/index.php\/wp-json\/wp\/v2\/media?parent=111"}],"curies":[{"name":"wp","href":"https:\/\/api.w.org\/{rel}","templated":true}]}}