{"id":142,"date":"2023-06-30T22:50:09","date_gmt":"2023-06-30T22:50:09","guid":{"rendered":"http:\/\/www.uzunotoaksesuar.com.tr\/?page_id=142"},"modified":"2023-07-09T21:29:50","modified_gmt":"2023-07-09T21:29:50","slug":"crom-aksesuar-urunleri","status":"publish","type":"page","link":"http:\/\/www.uzunotoaksesuar.com.tr\/index.php\/crom-aksesuar-urunleri\/","title":{"rendered":"Crom Aksesuar \u00dcr\u00fcnleri"},"content":{"rendered":"\n<div class=\"wp-block-columns is-layout-flex wp-container-4\">\n<div class=\"wp-block-column is-layout-flow\"><div class=\"wp-block-image\">\n<figure class=\"aligncenter size-large\"><img decoding=\"async\" loading=\"lazy\" width=\"906\" height=\"1024\" src=\"http:\/\/www.uzunotoaksesuar.com.tr\/wp-content\/uploads\/2023\/07\/WhatsApp-Image-2023-07-09-at-23.07.20-1-1-906x1024.jpeg\" alt=\"\" class=\"wp-image-1239\" srcset=\"http:\/\/www.uzunotoaksesuar.com.tr\/wp-content\/uploads\/2023\/07\/WhatsApp-Image-2023-07-09-at-23.07.20-1-1-906x1024.jpeg 906w, http:\/\/www.uzunotoaksesuar.com.tr\/wp-content\/uploads\/2023\/07\/WhatsApp-Image-2023-07-09-at-23.07.20-1-1-266x300.jpeg 266w, http:\/\/www.uzunotoaksesuar.com.tr\/wp-content\/uploads\/2023\/07\/WhatsApp-Image-2023-07-09-at-23.07.20-1-1-768x868.jpeg 768w, http:\/\/www.uzunotoaksesuar.com.tr\/wp-content\/uploads\/2023\/07\/WhatsApp-Image-2023-07-09-at-23.07.20-1-1.jpeg 1080w\" sizes=\"(max-width: 906px) 100vw, 906px\" \/><\/figure><\/div><\/div>\n\n\n\n<div class=\"wp-block-column is-layout-flow\"><div class=\"wp-block-image\">\n<figure class=\"aligncenter size-large\"><img decoding=\"async\" loading=\"lazy\" width=\"1024\" height=\"484\" src=\"http:\/\/www.uzunotoaksesuar.com.tr\/wp-content\/uploads\/2023\/07\/WhatsApp-Image-2023-07-09-at-23.07.20-2-1-1024x484.jpeg\" alt=\"\" class=\"wp-image-1240\" srcset=\"http:\/\/www.uzunotoaksesuar.com.tr\/wp-content\/uploads\/2023\/07\/WhatsApp-Image-2023-07-09-at-23.07.20-2-1-1024x484.jpeg 1024w, http:\/\/www.uzunotoaksesuar.com.tr\/wp-content\/uploads\/2023\/07\/WhatsApp-Image-2023-07-09-at-23.07.20-2-1-300x142.jpeg 300w, http:\/\/www.uzunotoaksesuar.com.tr\/wp-content\/uploads\/2023\/07\/WhatsApp-Image-2023-07-09-at-23.07.20-2-1-768x363.jpeg 768w, http:\/\/www.uzunotoaksesuar.com.tr\/wp-content\/uploads\/2023\/07\/WhatsApp-Image-2023-07-09-at-23.07.20-2-1.jpeg 1080w\" sizes=\"(max-width: 1024px) 100vw, 1024px\" \/><\/figure><\/div><\/div>\n\n\n\n<div class=\"wp-block-column is-layout-flow\"><div class=\"wp-block-image\">\n<figure class=\"aligncenter size-large\"><img decoding=\"async\" loading=\"lazy\" width=\"1024\" height=\"697\" src=\"http:\/\/www.uzunotoaksesuar.com.tr\/wp-content\/uploads\/2023\/07\/WhatsApp-Image-2023-07-09-at-23.07.21-2-1024x697.jpeg\" alt=\"\" class=\"wp-image-1242\" srcset=\"http:\/\/www.uzunotoaksesuar.com.tr\/wp-content\/uploads\/2023\/07\/WhatsApp-Image-2023-07-09-at-23.07.21-2-1024x697.jpeg 1024w, http:\/\/www.uzunotoaksesuar.com.tr\/wp-content\/uploads\/2023\/07\/WhatsApp-Image-2023-07-09-at-23.07.21-2-300x204.jpeg 300w, http:\/\/www.uzunotoaksesuar.com.tr\/wp-content\/uploads\/2023\/07\/WhatsApp-Image-2023-07-09-at-23.07.21-2-768x523.jpeg 768w, http:\/\/www.uzunotoaksesuar.com.tr\/wp-content\/uploads\/2023\/07\/WhatsApp-Image-2023-07-09-at-23.07.21-2.jpeg 1080w\" sizes=\"(max-width: 1024px) 100vw, 1024px\" \/><\/figure><\/div><\/div>\n<\/div>\n\n\n\n<div class=\"wp-block-columns is-layout-flex wp-container-8\">\n<div class=\"wp-block-column is-layout-flow\"><div class=\"wp-block-image\">\n<figure class=\"aligncenter size-large\"><img decoding=\"async\" loading=\"lazy\" width=\"789\" height=\"1024\" src=\"http:\/\/www.uzunotoaksesuar.com.tr\/wp-content\/uploads\/2023\/07\/WhatsApp-Image-2023-07-09-at-23.07.21-1-1-789x1024.jpeg\" alt=\"\" class=\"wp-image-1243\" srcset=\"http:\/\/www.uzunotoaksesuar.com.tr\/wp-content\/uploads\/2023\/07\/WhatsApp-Image-2023-07-09-at-23.07.21-1-1-789x1024.jpeg 789w, http:\/\/www.uzunotoaksesuar.com.tr\/wp-content\/uploads\/2023\/07\/WhatsApp-Image-2023-07-09-at-23.07.21-1-1-231x300.jpeg 231w, http:\/\/www.uzunotoaksesuar.com.tr\/wp-content\/uploads\/2023\/07\/WhatsApp-Image-2023-07-09-at-23.07.21-1-1-768x997.jpeg 768w, http:\/\/www.uzunotoaksesuar.com.tr\/wp-content\/uploads\/2023\/07\/WhatsApp-Image-2023-07-09-at-23.07.21-1-1.jpeg 1080w\" sizes=\"(max-width: 789px) 100vw, 789px\" \/><\/figure><\/div><\/div>\n\n\n\n<div class=\"wp-block-column is-layout-flow\"><div class=\"wp-block-image\">\n<figure class=\"aligncenter size-large\"><img decoding=\"async\" loading=\"lazy\" width=\"1024\" height=\"943\" src=\"http:\/\/www.uzunotoaksesuar.com.tr\/wp-content\/uploads\/2023\/07\/WhatsApp-Image-2023-07-09-at-23.06.58-2-1-1024x943.jpeg\" alt=\"\" class=\"wp-image-1244\" srcset=\"http:\/\/www.uzunotoaksesuar.com.tr\/wp-content\/uploads\/2023\/07\/WhatsApp-Image-2023-07-09-at-23.06.58-2-1-1024x943.jpeg 1024w, http:\/\/www.uzunotoaksesuar.com.tr\/wp-content\/uploads\/2023\/07\/WhatsApp-Image-2023-07-09-at-23.06.58-2-1-300x276.jpeg 300w, http:\/\/www.uzunotoaksesuar.com.tr\/wp-content\/uploads\/2023\/07\/WhatsApp-Image-2023-07-09-at-23.06.58-2-1-768x708.jpeg 768w, http:\/\/www.uzunotoaksesuar.com.tr\/wp-content\/uploads\/2023\/07\/WhatsApp-Image-2023-07-09-at-23.06.58-2-1.jpeg 1080w\" sizes=\"(max-width: 1024px) 100vw, 1024px\" \/><\/figure><\/div><\/div>\n\n\n\n<div class=\"wp-block-column is-layout-flow\"><div class=\"wp-block-image\">\n<figure class=\"aligncenter size-large\"><img decoding=\"async\" loading=\"lazy\" width=\"415\" height=\"1024\" src=\"http:\/\/www.uzunotoaksesuar.com.tr\/wp-content\/uploads\/2023\/07\/WhatsApp-Image-2023-07-10-at-00.26.49-415x1024.jpeg\" alt=\"\" class=\"wp-image-1245\" srcset=\"http:\/\/www.uzunotoaksesuar.com.tr\/wp-content\/uploads\/2023\/07\/WhatsApp-Image-2023-07-10-at-00.26.49-415x1024.jpeg 415w, http:\/\/www.uzunotoaksesuar.com.tr\/wp-content\/uploads\/2023\/07\/WhatsApp-Image-2023-07-10-at-00.26.49-122x300.jpeg 122w, http:\/\/www.uzunotoaksesuar.com.tr\/wp-content\/uploads\/2023\/07\/WhatsApp-Image-2023-07-10-at-00.26.49.jpeg 426w\" sizes=\"(max-width: 415px) 100vw, 415px\" \/><\/figure><\/div><\/div>\n<\/div>\n\n\n\n<div class=\"wp-block-columns is-layout-flex wp-container-12\">\n<div class=\"wp-block-column is-layout-flow\"><div class=\"wp-block-image\">\n<figure class=\"aligncenter size-large\"><img decoding=\"async\" loading=\"lazy\" width=\"653\" height=\"1024\" src=\"http:\/\/www.uzunotoaksesuar.com.tr\/wp-content\/uploads\/2023\/07\/WhatsApp-Image-2023-07-09-at-23.07.27-1-1-653x1024.jpeg\" alt=\"\" class=\"wp-image-1248\" srcset=\"http:\/\/www.uzunotoaksesuar.com.tr\/wp-content\/uploads\/2023\/07\/WhatsApp-Image-2023-07-09-at-23.07.27-1-1-653x1024.jpeg 653w, http:\/\/www.uzunotoaksesuar.com.tr\/wp-content\/uploads\/2023\/07\/WhatsApp-Image-2023-07-09-at-23.07.27-1-1-191x300.jpeg 191w, http:\/\/www.uzunotoaksesuar.com.tr\/wp-content\/uploads\/2023\/07\/WhatsApp-Image-2023-07-09-at-23.07.27-1-1-768x1204.jpeg 768w, http:\/\/www.uzunotoaksesuar.com.tr\/wp-content\/uploads\/2023\/07\/WhatsApp-Image-2023-07-09-at-23.07.27-1-1-980x1536.jpeg 980w, http:\/\/www.uzunotoaksesuar.com.tr\/wp-content\/uploads\/2023\/07\/WhatsApp-Image-2023-07-09-at-23.07.27-1-1.jpeg 1021w\" sizes=\"(max-width: 653px) 100vw, 653px\" \/><\/figure><\/div><\/div>\n\n\n\n<div class=\"wp-block-column is-layout-flow\"><div class=\"wp-block-image\">\n<figure class=\"aligncenter size-large\"><img decoding=\"async\" loading=\"lazy\" width=\"574\" height=\"1024\" src=\"http:\/\/www.uzunotoaksesuar.com.tr\/wp-content\/uploads\/2023\/07\/WhatsApp-Image-2023-07-09-at-23.07.27-2-1-574x1024.jpeg\" alt=\"\" class=\"wp-image-1249\" srcset=\"http:\/\/www.uzunotoaksesuar.com.tr\/wp-content\/uploads\/2023\/07\/WhatsApp-Image-2023-07-09-at-23.07.27-2-1-574x1024.jpeg 574w, http:\/\/www.uzunotoaksesuar.com.tr\/wp-content\/uploads\/2023\/07\/WhatsApp-Image-2023-07-09-at-23.07.27-2-1-168x300.jpeg 168w, http:\/\/www.uzunotoaksesuar.com.tr\/wp-content\/uploads\/2023\/07\/WhatsApp-Image-2023-07-09-at-23.07.27-2-1-768x1370.jpeg 768w, http:\/\/www.uzunotoaksesuar.com.tr\/wp-content\/uploads\/2023\/07\/WhatsApp-Image-2023-07-09-at-23.07.27-2-1-861x1536.jpeg 861w, http:\/\/www.uzunotoaksesuar.com.tr\/wp-content\/uploads\/2023\/07\/WhatsApp-Image-2023-07-09-at-23.07.27-2-1.jpeg 897w\" sizes=\"(max-width: 574px) 100vw, 574px\" \/><\/figure><\/div><\/div>\n\n\n\n<div class=\"wp-block-column is-layout-flow\"><div class=\"wp-block-image\">\n<figure class=\"aligncenter size-large\"><img decoding=\"async\" loading=\"lazy\" width=\"579\" height=\"1024\" src=\"http:\/\/www.uzunotoaksesuar.com.tr\/wp-content\/uploads\/2023\/07\/WhatsApp-Image-2023-07-09-at-23.07.28-3-1-579x1024.jpeg\" alt=\"\" class=\"wp-image-1250\" srcset=\"http:\/\/www.uzunotoaksesuar.com.tr\/wp-content\/uploads\/2023\/07\/WhatsApp-Image-2023-07-09-at-23.07.28-3-1-579x1024.jpeg 579w, http:\/\/www.uzunotoaksesuar.com.tr\/wp-content\/uploads\/2023\/07\/WhatsApp-Image-2023-07-09-at-23.07.28-3-1-170x300.jpeg 170w, http:\/\/www.uzunotoaksesuar.com.tr\/wp-content\/uploads\/2023\/07\/WhatsApp-Image-2023-07-09-at-23.07.28-3-1-768x1358.jpeg 768w, http:\/\/www.uzunotoaksesuar.com.tr\/wp-content\/uploads\/2023\/07\/WhatsApp-Image-2023-07-09-at-23.07.28-3-1-869x1536.jpeg 869w, http:\/\/www.uzunotoaksesuar.com.tr\/wp-content\/uploads\/2023\/07\/WhatsApp-Image-2023-07-09-at-23.07.28-3-1.jpeg 905w\" sizes=\"(max-width: 579px) 100vw, 579px\" \/><\/figure><\/div><\/div>\n<\/div>\n\n\n\n<p class=\"has-text-align-center\"><strong>F\u0130YATLARIMIZA KARGO DAH\u0130L DE\u011e\u0130LD\u0130R. ANLA\u015eMALI KARGO F\u0130RMALARI \u0130LE G\u00d6NDER\u0130M YAPILMAKTADIR.<\/strong><\/p>\n","protected":false},"excerpt":{"rendered":"<p>F\u0130YATLARIMIZA KARGO DAH\u0130L DE\u011e\u0130LD\u0130R. ANLA\u015eMALI KARGO F\u0130RMALARI \u0130LE G\u00d6NDER\u0130M YAPILMAKTADIR.<\/p>\n","protected":false},"author":1,"featured_media":0,"parent":0,"menu_order":0,"comment_status":"closed","ping_status":"closed","template":"","meta":[],"_links":{"self":[{"href":"http:\/\/www.uzunotoaksesuar.com.tr\/index.php\/wp-json\/wp\/v2\/pages\/142"}],"collection":[{"href":"http:\/\/www.uzunotoaksesuar.com.tr\/index.php\/wp-json\/wp\/v2\/pages"}],"about":[{"href":"http:\/\/www.uzunotoaksesuar.com.tr\/index.php\/wp-json\/wp\/v2\/types\/page"}],"author":[{"embeddable":true,"href":"http:\/\/www.uzunotoaksesuar.com.tr\/index.php\/wp-json\/wp\/v2\/users\/1"}],"replies":[{"embeddable":true,"href":"http:\/\/www.uzunotoaksesuar.com.tr\/index.php\/wp-json\/wp\/v2\/comments?post=142"}],"version-history":[{"count":3,"href":"http:\/\/www.uzunotoaksesuar.com.tr\/index.php\/wp-json\/wp\/v2\/pages\/142\/revisions"}],"predecessor-version":[{"id":1251,"href":"http:\/\/www.uzunotoaksesuar.com.tr\/index.php\/wp-json\/wp\/v2\/pages\/142\/revisions\/1251"}],"wp:attachment":[{"href":"http:\/\/www.uzunotoaksesuar.com.tr\/index.php\/wp-json\/wp\/v2\/media?parent=142"}],"curies":[{"name":"wp","href":"https:\/\/api.w.org\/{rel}","templated":true}]}}