{"id":2,"date":"2023-06-26T19:34:41","date_gmt":"2023-06-26T19:34:41","guid":{"rendered":"http:\/\/www.uzunotoaksesuar.com.tr\/?page_id=2"},"modified":"2023-07-09T22:40:34","modified_gmt":"2023-07-09T22:40:34","slug":"sample-page","status":"publish","type":"page","link":"http:\/\/www.uzunotoaksesuar.com.tr\/index.php\/sample-page\/","title":{"rendered":"\u0130leti\u015fim"},"content":{"rendered":"\n<div class=\"wp-block-columns is-layout-flex wp-container-4\">\n<div class=\"wp-block-column is-layout-flow\"><div class=\"wp-block-image\">\n<figure class=\"aligncenter size-large\"><img decoding=\"async\" loading=\"lazy\" width=\"461\" height=\"1024\" src=\"http:\/\/www.uzunotoaksesuar.com.tr\/wp-content\/uploads\/2023\/07\/WhatsApp-Image-2023-07-09-at-20.06.12-1-461x1024.jpeg\" alt=\"\" class=\"wp-image-1325\" srcset=\"http:\/\/www.uzunotoaksesuar.com.tr\/wp-content\/uploads\/2023\/07\/WhatsApp-Image-2023-07-09-at-20.06.12-1-461x1024.jpeg 461w, http:\/\/www.uzunotoaksesuar.com.tr\/wp-content\/uploads\/2023\/07\/WhatsApp-Image-2023-07-09-at-20.06.12-1-135x300.jpeg 135w, http:\/\/www.uzunotoaksesuar.com.tr\/wp-content\/uploads\/2023\/07\/WhatsApp-Image-2023-07-09-at-20.06.12-1-691x1536.jpeg 691w, http:\/\/www.uzunotoaksesuar.com.tr\/wp-content\/uploads\/2023\/07\/WhatsApp-Image-2023-07-09-at-20.06.12-1.jpeg 720w\" sizes=\"(max-width: 461px) 100vw, 461px\" \/><\/figure><\/div><\/div>\n\n\n\n<div class=\"wp-block-column is-layout-flow\"><div class=\"wp-block-image\">\n<figure class=\"aligncenter size-large\"><img decoding=\"async\" loading=\"lazy\" width=\"773\" height=\"1024\" src=\"http:\/\/www.uzunotoaksesuar.com.tr\/wp-content\/uploads\/2023\/07\/WhatsApp-Image-2023-07-10-at-01.12.29-2-773x1024.jpeg\" alt=\"\" class=\"wp-image-1394\" srcset=\"http:\/\/www.uzunotoaksesuar.com.tr\/wp-content\/uploads\/2023\/07\/WhatsApp-Image-2023-07-10-at-01.12.29-2-773x1024.jpeg 773w, http:\/\/www.uzunotoaksesuar.com.tr\/wp-content\/uploads\/2023\/07\/WhatsApp-Image-2023-07-10-at-01.12.29-2-226x300.jpeg 226w, http:\/\/www.uzunotoaksesuar.com.tr\/wp-content\/uploads\/2023\/07\/WhatsApp-Image-2023-07-10-at-01.12.29-2-768x1018.jpeg 768w, http:\/\/www.uzunotoaksesuar.com.tr\/wp-content\/uploads\/2023\/07\/WhatsApp-Image-2023-07-10-at-01.12.29-2.jpeg 1080w\" sizes=\"(max-width: 773px) 100vw, 773px\" \/><\/figure><\/div><\/div>\n\n\n\n<div class=\"wp-block-column is-layout-flow\"><div class=\"wp-block-image\">\n<figure class=\"aligncenter size-large\"><img decoding=\"async\" loading=\"lazy\" width=\"510\" height=\"1024\" src=\"http:\/\/www.uzunotoaksesuar.com.tr\/wp-content\/uploads\/2023\/07\/WhatsApp-Image-2023-07-10-at-01.12.30-1-510x1024.jpeg\" alt=\"\" class=\"wp-image-1395\" srcset=\"http:\/\/www.uzunotoaksesuar.com.tr\/wp-content\/uploads\/2023\/07\/WhatsApp-Image-2023-07-10-at-01.12.30-1-510x1024.jpeg 510w, http:\/\/www.uzunotoaksesuar.com.tr\/wp-content\/uploads\/2023\/07\/WhatsApp-Image-2023-07-10-at-01.12.30-1-149x300.jpeg 149w, http:\/\/www.uzunotoaksesuar.com.tr\/wp-content\/uploads\/2023\/07\/WhatsApp-Image-2023-07-10-at-01.12.30-1-768x1542.jpeg 768w, http:\/\/www.uzunotoaksesuar.com.tr\/wp-content\/uploads\/2023\/07\/WhatsApp-Image-2023-07-10-at-01.12.30-1-765x1536.jpeg 765w, http:\/\/www.uzunotoaksesuar.com.tr\/wp-content\/uploads\/2023\/07\/WhatsApp-Image-2023-07-10-at-01.12.30-1.jpeg 797w\" sizes=\"(max-width: 510px) 100vw, 510px\" \/><\/figure><\/div><\/div>\n<\/div>\n\n\n\n<div class=\"wp-block-columns is-layout-flex wp-container-8\">\n<div class=\"wp-block-column is-layout-flow\"><div class=\"wp-block-image\">\n<figure class=\"aligncenter size-large\"><img decoding=\"async\" loading=\"lazy\" width=\"501\" height=\"1024\" src=\"http:\/\/www.uzunotoaksesuar.com.tr\/wp-content\/uploads\/2023\/07\/WhatsApp-Image-2023-07-10-at-01.12.33-1-501x1024.jpeg\" alt=\"\" class=\"wp-image-1400\" srcset=\"http:\/\/www.uzunotoaksesuar.com.tr\/wp-content\/uploads\/2023\/07\/WhatsApp-Image-2023-07-10-at-01.12.33-1-501x1024.jpeg 501w, http:\/\/www.uzunotoaksesuar.com.tr\/wp-content\/uploads\/2023\/07\/WhatsApp-Image-2023-07-10-at-01.12.33-1-147x300.jpeg 147w, http:\/\/www.uzunotoaksesuar.com.tr\/wp-content\/uploads\/2023\/07\/WhatsApp-Image-2023-07-10-at-01.12.33-1-768x1569.jpeg 768w, http:\/\/www.uzunotoaksesuar.com.tr\/wp-content\/uploads\/2023\/07\/WhatsApp-Image-2023-07-10-at-01.12.33-1-752x1536.jpeg 752w, http:\/\/www.uzunotoaksesuar.com.tr\/wp-content\/uploads\/2023\/07\/WhatsApp-Image-2023-07-10-at-01.12.33-1.jpeg 783w\" sizes=\"(max-width: 501px) 100vw, 501px\" \/><\/figure><\/div><\/div>\n\n\n\n<div class=\"wp-block-column is-layout-flow\"><div class=\"wp-block-image\">\n<figure class=\"aligncenter size-large\"><img decoding=\"async\" loading=\"lazy\" width=\"536\" height=\"1024\" src=\"http:\/\/www.uzunotoaksesuar.com.tr\/wp-content\/uploads\/2023\/07\/WhatsApp-Image-2023-07-10-at-01.12.31-536x1024.jpeg\" alt=\"\" class=\"wp-image-1399\" srcset=\"http:\/\/www.uzunotoaksesuar.com.tr\/wp-content\/uploads\/2023\/07\/WhatsApp-Image-2023-07-10-at-01.12.31-536x1024.jpeg 536w, http:\/\/www.uzunotoaksesuar.com.tr\/wp-content\/uploads\/2023\/07\/WhatsApp-Image-2023-07-10-at-01.12.31-157x300.jpeg 157w, http:\/\/www.uzunotoaksesuar.com.tr\/wp-content\/uploads\/2023\/07\/WhatsApp-Image-2023-07-10-at-01.12.31-768x1468.jpeg 768w, http:\/\/www.uzunotoaksesuar.com.tr\/wp-content\/uploads\/2023\/07\/WhatsApp-Image-2023-07-10-at-01.12.31-804x1536.jpeg 804w, http:\/\/www.uzunotoaksesuar.com.tr\/wp-content\/uploads\/2023\/07\/WhatsApp-Image-2023-07-10-at-01.12.31.jpeg 837w\" sizes=\"(max-width: 536px) 100vw, 536px\" \/><\/figure><\/div><\/div>\n\n\n\n<div class=\"wp-block-column is-layout-flow\"><div class=\"wp-block-image\">\n<figure class=\"aligncenter size-large\"><img decoding=\"async\" loading=\"lazy\" width=\"596\" height=\"1024\" src=\"http:\/\/www.uzunotoaksesuar.com.tr\/wp-content\/uploads\/2023\/07\/WhatsApp-Image-2023-07-10-at-01.12.30-596x1024.jpeg\" alt=\"\" class=\"wp-image-1397\" srcset=\"http:\/\/www.uzunotoaksesuar.com.tr\/wp-content\/uploads\/2023\/07\/WhatsApp-Image-2023-07-10-at-01.12.30-596x1024.jpeg 596w, http:\/\/www.uzunotoaksesuar.com.tr\/wp-content\/uploads\/2023\/07\/WhatsApp-Image-2023-07-10-at-01.12.30-175x300.jpeg 175w, http:\/\/www.uzunotoaksesuar.com.tr\/wp-content\/uploads\/2023\/07\/WhatsApp-Image-2023-07-10-at-01.12.30-768x1318.jpeg 768w, http:\/\/www.uzunotoaksesuar.com.tr\/wp-content\/uploads\/2023\/07\/WhatsApp-Image-2023-07-10-at-01.12.30-895x1536.jpeg 895w, http:\/\/www.uzunotoaksesuar.com.tr\/wp-content\/uploads\/2023\/07\/WhatsApp-Image-2023-07-10-at-01.12.30.jpeg 932w\" sizes=\"(max-width: 596px) 100vw, 596px\" \/><\/figure><\/div><\/div>\n<\/div>\n\n\n\n<div class=\"wp-block-columns is-layout-flex wp-container-12\">\n<div class=\"wp-block-column is-layout-flow\"><div class=\"wp-block-image\">\n<figure class=\"aligncenter size-large\"><img decoding=\"async\" loading=\"lazy\" width=\"503\" height=\"1024\" src=\"http:\/\/www.uzunotoaksesuar.com.tr\/wp-content\/uploads\/2023\/07\/WhatsApp-Image-2023-07-10-at-01.12.33-2-503x1024.jpeg\" alt=\"\" class=\"wp-image-1402\" srcset=\"http:\/\/www.uzunotoaksesuar.com.tr\/wp-content\/uploads\/2023\/07\/WhatsApp-Image-2023-07-10-at-01.12.33-2-503x1024.jpeg 503w, http:\/\/www.uzunotoaksesuar.com.tr\/wp-content\/uploads\/2023\/07\/WhatsApp-Image-2023-07-10-at-01.12.33-2-147x300.jpeg 147w, http:\/\/www.uzunotoaksesuar.com.tr\/wp-content\/uploads\/2023\/07\/WhatsApp-Image-2023-07-10-at-01.12.33-2-768x1563.jpeg 768w, http:\/\/www.uzunotoaksesuar.com.tr\/wp-content\/uploads\/2023\/07\/WhatsApp-Image-2023-07-10-at-01.12.33-2-755x1536.jpeg 755w, http:\/\/www.uzunotoaksesuar.com.tr\/wp-content\/uploads\/2023\/07\/WhatsApp-Image-2023-07-10-at-01.12.33-2.jpeg 786w\" sizes=\"(max-width: 503px) 100vw, 503px\" \/><\/figure><\/div><\/div>\n\n\n\n<div class=\"wp-block-column is-layout-flow\"><div class=\"wp-block-image\">\n<figure class=\"aligncenter size-large\"><img decoding=\"async\" loading=\"lazy\" width=\"505\" height=\"1024\" src=\"http:\/\/www.uzunotoaksesuar.com.tr\/wp-content\/uploads\/2023\/07\/WhatsApp-Image-2023-07-10-at-01.12.33-3-505x1024.jpeg\" alt=\"\" class=\"wp-image-1403\" srcset=\"http:\/\/www.uzunotoaksesuar.com.tr\/wp-content\/uploads\/2023\/07\/WhatsApp-Image-2023-07-10-at-01.12.33-3-505x1024.jpeg 505w, http:\/\/www.uzunotoaksesuar.com.tr\/wp-content\/uploads\/2023\/07\/WhatsApp-Image-2023-07-10-at-01.12.33-3-148x300.jpeg 148w, http:\/\/www.uzunotoaksesuar.com.tr\/wp-content\/uploads\/2023\/07\/WhatsApp-Image-2023-07-10-at-01.12.33-3-768x1557.jpeg 768w, http:\/\/www.uzunotoaksesuar.com.tr\/wp-content\/uploads\/2023\/07\/WhatsApp-Image-2023-07-10-at-01.12.33-3-757x1536.jpeg 757w, http:\/\/www.uzunotoaksesuar.com.tr\/wp-content\/uploads\/2023\/07\/WhatsApp-Image-2023-07-10-at-01.12.33-3.jpeg 789w\" sizes=\"(max-width: 505px) 100vw, 505px\" \/><\/figure><\/div><\/div>\n\n\n\n<div class=\"wp-block-column is-layout-flow\"><div class=\"wp-block-image\">\n<figure class=\"aligncenter size-large\"><img decoding=\"async\" loading=\"lazy\" width=\"500\" height=\"1024\" src=\"http:\/\/www.uzunotoaksesuar.com.tr\/wp-content\/uploads\/2023\/07\/WhatsApp-Image-2023-07-10-at-01.12.33-500x1024.jpeg\" alt=\"\" class=\"wp-image-1404\" srcset=\"http:\/\/www.uzunotoaksesuar.com.tr\/wp-content\/uploads\/2023\/07\/WhatsApp-Image-2023-07-10-at-01.12.33-500x1024.jpeg 500w, http:\/\/www.uzunotoaksesuar.com.tr\/wp-content\/uploads\/2023\/07\/WhatsApp-Image-2023-07-10-at-01.12.33-146x300.jpeg 146w, http:\/\/www.uzunotoaksesuar.com.tr\/wp-content\/uploads\/2023\/07\/WhatsApp-Image-2023-07-10-at-01.12.33-768x1573.jpeg 768w, http:\/\/www.uzunotoaksesuar.com.tr\/wp-content\/uploads\/2023\/07\/WhatsApp-Image-2023-07-10-at-01.12.33-750x1536.jpeg 750w, http:\/\/www.uzunotoaksesuar.com.tr\/wp-content\/uploads\/2023\/07\/WhatsApp-Image-2023-07-10-at-01.12.33.jpeg 781w\" sizes=\"(max-width: 500px) 100vw, 500px\" \/><\/figure><\/div><\/div>\n<\/div>\n\n\n\n<div class=\"wp-block-columns is-layout-flex wp-container-16\">\n<div class=\"wp-block-column is-layout-flow\"><div class=\"wp-block-image\">\n<figure class=\"aligncenter size-large\"><img decoding=\"async\" loading=\"lazy\" width=\"505\" height=\"1024\" src=\"http:\/\/www.uzunotoaksesuar.com.tr\/wp-content\/uploads\/2023\/07\/WhatsApp-Image-2023-07-10-at-01.12.35-505x1024.jpeg\" alt=\"\" class=\"wp-image-1407\" srcset=\"http:\/\/www.uzunotoaksesuar.com.tr\/wp-content\/uploads\/2023\/07\/WhatsApp-Image-2023-07-10-at-01.12.35-505x1024.jpeg 505w, http:\/\/www.uzunotoaksesuar.com.tr\/wp-content\/uploads\/2023\/07\/WhatsApp-Image-2023-07-10-at-01.12.35-148x300.jpeg 148w, http:\/\/www.uzunotoaksesuar.com.tr\/wp-content\/uploads\/2023\/07\/WhatsApp-Image-2023-07-10-at-01.12.35-768x1557.jpeg 768w, http:\/\/www.uzunotoaksesuar.com.tr\/wp-content\/uploads\/2023\/07\/WhatsApp-Image-2023-07-10-at-01.12.35-757x1536.jpeg 757w, http:\/\/www.uzunotoaksesuar.com.tr\/wp-content\/uploads\/2023\/07\/WhatsApp-Image-2023-07-10-at-01.12.35.jpeg 789w\" sizes=\"(max-width: 505px) 100vw, 505px\" \/><\/figure><\/div><\/div>\n\n\n\n<div class=\"wp-block-column is-layout-flow\"><div class=\"wp-block-image\">\n<figure class=\"aligncenter size-large\"><img decoding=\"async\" loading=\"lazy\" width=\"502\" height=\"1024\" src=\"http:\/\/www.uzunotoaksesuar.com.tr\/wp-content\/uploads\/2023\/07\/WhatsApp-Image-2023-07-10-at-01.12.36-502x1024.jpeg\" alt=\"\" class=\"wp-image-1408\" srcset=\"http:\/\/www.uzunotoaksesuar.com.tr\/wp-content\/uploads\/2023\/07\/WhatsApp-Image-2023-07-10-at-01.12.36-502x1024.jpeg 502w, http:\/\/www.uzunotoaksesuar.com.tr\/wp-content\/uploads\/2023\/07\/WhatsApp-Image-2023-07-10-at-01.12.36-147x300.jpeg 147w, http:\/\/www.uzunotoaksesuar.com.tr\/wp-content\/uploads\/2023\/07\/WhatsApp-Image-2023-07-10-at-01.12.36-768x1565.jpeg 768w, http:\/\/www.uzunotoaksesuar.com.tr\/wp-content\/uploads\/2023\/07\/WhatsApp-Image-2023-07-10-at-01.12.36-754x1536.jpeg 754w, http:\/\/www.uzunotoaksesuar.com.tr\/wp-content\/uploads\/2023\/07\/WhatsApp-Image-2023-07-10-at-01.12.36.jpeg 785w\" sizes=\"(max-width: 502px) 100vw, 502px\" \/><\/figure><\/div><\/div>\n\n\n\n<div class=\"wp-block-column is-layout-flow\"><div class=\"wp-block-image\">\n<figure class=\"aligncenter size-large\"><img decoding=\"async\" loading=\"lazy\" width=\"622\" height=\"1024\" src=\"http:\/\/www.uzunotoaksesuar.com.tr\/wp-content\/uploads\/2023\/07\/WhatsApp-Image-2023-07-10-at-01.12.41-2-622x1024.jpeg\" alt=\"\" class=\"wp-image-1409\" srcset=\"http:\/\/www.uzunotoaksesuar.com.tr\/wp-content\/uploads\/2023\/07\/WhatsApp-Image-2023-07-10-at-01.12.41-2-622x1024.jpeg 622w, http:\/\/www.uzunotoaksesuar.com.tr\/wp-content\/uploads\/2023\/07\/WhatsApp-Image-2023-07-10-at-01.12.41-2-182x300.jpeg 182w, http:\/\/www.uzunotoaksesuar.com.tr\/wp-content\/uploads\/2023\/07\/WhatsApp-Image-2023-07-10-at-01.12.41-2-768x1264.jpeg 768w, http:\/\/www.uzunotoaksesuar.com.tr\/wp-content\/uploads\/2023\/07\/WhatsApp-Image-2023-07-10-at-01.12.41-2-933x1536.jpeg 933w, http:\/\/www.uzunotoaksesuar.com.tr\/wp-content\/uploads\/2023\/07\/WhatsApp-Image-2023-07-10-at-01.12.41-2.jpeg 972w\" sizes=\"(max-width: 622px) 100vw, 622px\" \/><\/figure><\/div><\/div>\n<\/div>\n\n\n\n<div class=\"wp-block-columns is-layout-flex wp-container-20\">\n<div class=\"wp-block-column is-layout-flow\"><div class=\"wp-block-image\">\n<figure class=\"aligncenter size-large\"><img decoding=\"async\" loading=\"lazy\" width=\"605\" height=\"1024\" src=\"http:\/\/www.uzunotoaksesuar.com.tr\/wp-content\/uploads\/2023\/07\/WhatsApp-Image-2023-07-10-at-01.12.41-3-605x1024.jpeg\" alt=\"\" class=\"wp-image-1412\" srcset=\"http:\/\/www.uzunotoaksesuar.com.tr\/wp-content\/uploads\/2023\/07\/WhatsApp-Image-2023-07-10-at-01.12.41-3-605x1024.jpeg 605w, http:\/\/www.uzunotoaksesuar.com.tr\/wp-content\/uploads\/2023\/07\/WhatsApp-Image-2023-07-10-at-01.12.41-3-177x300.jpeg 177w, http:\/\/www.uzunotoaksesuar.com.tr\/wp-content\/uploads\/2023\/07\/WhatsApp-Image-2023-07-10-at-01.12.41-3-768x1300.jpeg 768w, http:\/\/www.uzunotoaksesuar.com.tr\/wp-content\/uploads\/2023\/07\/WhatsApp-Image-2023-07-10-at-01.12.41-3-907x1536.jpeg 907w, http:\/\/www.uzunotoaksesuar.com.tr\/wp-content\/uploads\/2023\/07\/WhatsApp-Image-2023-07-10-at-01.12.41-3.jpeg 945w\" sizes=\"(max-width: 605px) 100vw, 605px\" \/><\/figure><\/div><\/div>\n\n\n\n<div class=\"wp-block-column is-layout-flow\"><div class=\"wp-block-image\">\n<figure class=\"aligncenter size-large\"><img decoding=\"async\" loading=\"lazy\" width=\"604\" height=\"1024\" src=\"http:\/\/www.uzunotoaksesuar.com.tr\/wp-content\/uploads\/2023\/07\/WhatsApp-Image-2023-07-10-at-01.12.42-1-604x1024.jpeg\" alt=\"\" class=\"wp-image-1413\" srcset=\"http:\/\/www.uzunotoaksesuar.com.tr\/wp-content\/uploads\/2023\/07\/WhatsApp-Image-2023-07-10-at-01.12.42-1-604x1024.jpeg 604w, http:\/\/www.uzunotoaksesuar.com.tr\/wp-content\/uploads\/2023\/07\/WhatsApp-Image-2023-07-10-at-01.12.42-1-177x300.jpeg 177w, http:\/\/www.uzunotoaksesuar.com.tr\/wp-content\/uploads\/2023\/07\/WhatsApp-Image-2023-07-10-at-01.12.42-1-768x1303.jpeg 768w, http:\/\/www.uzunotoaksesuar.com.tr\/wp-content\/uploads\/2023\/07\/WhatsApp-Image-2023-07-10-at-01.12.42-1-905x1536.jpeg 905w, http:\/\/www.uzunotoaksesuar.com.tr\/wp-content\/uploads\/2023\/07\/WhatsApp-Image-2023-07-10-at-01.12.42-1.jpeg 943w\" sizes=\"(max-width: 604px) 100vw, 604px\" \/><\/figure><\/div><\/div>\n\n\n\n<div class=\"wp-block-column is-layout-flow\"><div class=\"wp-block-image\">\n<figure class=\"aligncenter size-large\"><img decoding=\"async\" loading=\"lazy\" width=\"598\" height=\"1024\" src=\"http:\/\/www.uzunotoaksesuar.com.tr\/wp-content\/uploads\/2023\/07\/WhatsApp-Image-2023-07-10-at-01.12.42-2-598x1024.jpeg\" alt=\"\" class=\"wp-image-1414\" srcset=\"http:\/\/www.uzunotoaksesuar.com.tr\/wp-content\/uploads\/2023\/07\/WhatsApp-Image-2023-07-10-at-01.12.42-2-598x1024.jpeg 598w, http:\/\/www.uzunotoaksesuar.com.tr\/wp-content\/uploads\/2023\/07\/WhatsApp-Image-2023-07-10-at-01.12.42-2-175x300.jpeg 175w, http:\/\/www.uzunotoaksesuar.com.tr\/wp-content\/uploads\/2023\/07\/WhatsApp-Image-2023-07-10-at-01.12.42-2-768x1314.jpeg 768w, http:\/\/www.uzunotoaksesuar.com.tr\/wp-content\/uploads\/2023\/07\/WhatsApp-Image-2023-07-10-at-01.12.42-2-898x1536.jpeg 898w, http:\/\/www.uzunotoaksesuar.com.tr\/wp-content\/uploads\/2023\/07\/WhatsApp-Image-2023-07-10-at-01.12.42-2.jpeg 935w\" sizes=\"(max-width: 598px) 100vw, 598px\" \/><\/figure><\/div><\/div>\n<\/div>\n\n\n\n<div class=\"wp-block-columns is-layout-flex wp-container-24\">\n<div class=\"wp-block-column is-layout-flow\"><div class=\"wp-block-image\">\n<figure class=\"aligncenter size-large\"><img decoding=\"async\" loading=\"lazy\" width=\"614\" height=\"1024\" src=\"http:\/\/www.uzunotoaksesuar.com.tr\/wp-content\/uploads\/2023\/07\/WhatsApp-Image-2023-07-10-at-01.12.42-614x1024.jpeg\" alt=\"\" class=\"wp-image-1417\" srcset=\"http:\/\/www.uzunotoaksesuar.com.tr\/wp-content\/uploads\/2023\/07\/WhatsApp-Image-2023-07-10-at-01.12.42-614x1024.jpeg 614w, http:\/\/www.uzunotoaksesuar.com.tr\/wp-content\/uploads\/2023\/07\/WhatsApp-Image-2023-07-10-at-01.12.42-180x300.jpeg 180w, http:\/\/www.uzunotoaksesuar.com.tr\/wp-content\/uploads\/2023\/07\/WhatsApp-Image-2023-07-10-at-01.12.42-768x1280.jpeg 768w, http:\/\/www.uzunotoaksesuar.com.tr\/wp-content\/uploads\/2023\/07\/WhatsApp-Image-2023-07-10-at-01.12.42-922x1536.jpeg 922w, http:\/\/www.uzunotoaksesuar.com.tr\/wp-content\/uploads\/2023\/07\/WhatsApp-Image-2023-07-10-at-01.12.42.jpeg 960w\" sizes=\"(max-width: 614px) 100vw, 614px\" \/><\/figure><\/div><\/div>\n\n\n\n<div class=\"wp-block-column is-layout-flow\"><div class=\"wp-block-image\">\n<figure class=\"aligncenter size-large\"><img decoding=\"async\" loading=\"lazy\" width=\"605\" height=\"1024\" src=\"http:\/\/www.uzunotoaksesuar.com.tr\/wp-content\/uploads\/2023\/07\/WhatsApp-Image-2023-07-10-at-01.12.43-1-605x1024.jpeg\" alt=\"\" class=\"wp-image-1418\" srcset=\"http:\/\/www.uzunotoaksesuar.com.tr\/wp-content\/uploads\/2023\/07\/WhatsApp-Image-2023-07-10-at-01.12.43-1-605x1024.jpeg 605w, http:\/\/www.uzunotoaksesuar.com.tr\/wp-content\/uploads\/2023\/07\/WhatsApp-Image-2023-07-10-at-01.12.43-1-177x300.jpeg 177w, http:\/\/www.uzunotoaksesuar.com.tr\/wp-content\/uploads\/2023\/07\/WhatsApp-Image-2023-07-10-at-01.12.43-1-768x1300.jpeg 768w, http:\/\/www.uzunotoaksesuar.com.tr\/wp-content\/uploads\/2023\/07\/WhatsApp-Image-2023-07-10-at-01.12.43-1-907x1536.jpeg 907w, http:\/\/www.uzunotoaksesuar.com.tr\/wp-content\/uploads\/2023\/07\/WhatsApp-Image-2023-07-10-at-01.12.43-1.jpeg 945w\" sizes=\"(max-width: 605px) 100vw, 605px\" \/><\/figure><\/div><\/div>\n\n\n\n<div class=\"wp-block-column is-layout-flow\"><div class=\"wp-block-image\">\n<figure class=\"aligncenter size-large\"><img decoding=\"async\" loading=\"lazy\" width=\"512\" height=\"1024\" src=\"http:\/\/www.uzunotoaksesuar.com.tr\/wp-content\/uploads\/2023\/07\/WhatsApp-Image-2023-07-10-at-01.12.43-2-512x1024.jpeg\" alt=\"\" class=\"wp-image-1419\" srcset=\"http:\/\/www.uzunotoaksesuar.com.tr\/wp-content\/uploads\/2023\/07\/WhatsApp-Image-2023-07-10-at-01.12.43-2-512x1024.jpeg 512w, http:\/\/www.uzunotoaksesuar.com.tr\/wp-content\/uploads\/2023\/07\/WhatsApp-Image-2023-07-10-at-01.12.43-2-150x300.jpeg 150w, http:\/\/www.uzunotoaksesuar.com.tr\/wp-content\/uploads\/2023\/07\/WhatsApp-Image-2023-07-10-at-01.12.43-2-768x1536.jpeg 768w, http:\/\/www.uzunotoaksesuar.com.tr\/wp-content\/uploads\/2023\/07\/WhatsApp-Image-2023-07-10-at-01.12.43-2-650x1300.jpeg 650w, http:\/\/www.uzunotoaksesuar.com.tr\/wp-content\/uploads\/2023\/07\/WhatsApp-Image-2023-07-10-at-01.12.43-2.jpeg 800w\" sizes=\"(max-width: 512px) 100vw, 512px\" \/><\/figure><\/div><\/div>\n<\/div>\n\n\n\n<div class=\"wp-block-columns is-layout-flex wp-container-28\">\n<div class=\"wp-block-column is-layout-flow\"><div class=\"wp-block-image\">\n<figure class=\"aligncenter size-large\"><img decoding=\"async\" loading=\"lazy\" width=\"606\" height=\"1024\" src=\"http:\/\/www.uzunotoaksesuar.com.tr\/wp-content\/uploads\/2023\/07\/WhatsApp-Image-2023-07-10-at-01.12.43-606x1024.jpeg\" alt=\"\" class=\"wp-image-1420\" srcset=\"http:\/\/www.uzunotoaksesuar.com.tr\/wp-content\/uploads\/2023\/07\/WhatsApp-Image-2023-07-10-at-01.12.43-606x1024.jpeg 606w, http:\/\/www.uzunotoaksesuar.com.tr\/wp-content\/uploads\/2023\/07\/WhatsApp-Image-2023-07-10-at-01.12.43-178x300.jpeg 178w, http:\/\/www.uzunotoaksesuar.com.tr\/wp-content\/uploads\/2023\/07\/WhatsApp-Image-2023-07-10-at-01.12.43-768x1298.jpeg 768w, http:\/\/www.uzunotoaksesuar.com.tr\/wp-content\/uploads\/2023\/07\/WhatsApp-Image-2023-07-10-at-01.12.43-909x1536.jpeg 909w, http:\/\/www.uzunotoaksesuar.com.tr\/wp-content\/uploads\/2023\/07\/WhatsApp-Image-2023-07-10-at-01.12.43.jpeg 947w\" sizes=\"(max-width: 606px) 100vw, 606px\" \/><\/figure><\/div><\/div>\n\n\n\n<div class=\"wp-block-column is-layout-flow\"><div class=\"wp-block-image\">\n<figure class=\"aligncenter size-large\"><img decoding=\"async\" loading=\"lazy\" width=\"565\" height=\"1024\" src=\"http:\/\/www.uzunotoaksesuar.com.tr\/wp-content\/uploads\/2023\/07\/WhatsApp-Image-2023-07-10-at-01.12.44-1-565x1024.jpeg\" alt=\"\" class=\"wp-image-1421\" srcset=\"http:\/\/www.uzunotoaksesuar.com.tr\/wp-content\/uploads\/2023\/07\/WhatsApp-Image-2023-07-10-at-01.12.44-1-565x1024.jpeg 565w, http:\/\/www.uzunotoaksesuar.com.tr\/wp-content\/uploads\/2023\/07\/WhatsApp-Image-2023-07-10-at-01.12.44-1-166x300.jpeg 166w, http:\/\/www.uzunotoaksesuar.com.tr\/wp-content\/uploads\/2023\/07\/WhatsApp-Image-2023-07-10-at-01.12.44-1-768x1392.jpeg 768w, http:\/\/www.uzunotoaksesuar.com.tr\/wp-content\/uploads\/2023\/07\/WhatsApp-Image-2023-07-10-at-01.12.44-1-848x1536.jpeg 848w, http:\/\/www.uzunotoaksesuar.com.tr\/wp-content\/uploads\/2023\/07\/WhatsApp-Image-2023-07-10-at-01.12.44-1.jpeg 883w\" sizes=\"(max-width: 565px) 100vw, 565px\" \/><\/figure><\/div><\/div>\n\n\n\n<div class=\"wp-block-column is-layout-flow\"><div class=\"wp-block-image\">\n<figure class=\"aligncenter size-large\"><img decoding=\"async\" loading=\"lazy\" width=\"554\" height=\"1024\" src=\"http:\/\/www.uzunotoaksesuar.com.tr\/wp-content\/uploads\/2023\/07\/WhatsApp-Image-2023-07-10-at-01.12.44-554x1024.jpeg\" alt=\"\" class=\"wp-image-1422\" srcset=\"http:\/\/www.uzunotoaksesuar.com.tr\/wp-content\/uploads\/2023\/07\/WhatsApp-Image-2023-07-10-at-01.12.44-554x1024.jpeg 554w, http:\/\/www.uzunotoaksesuar.com.tr\/wp-content\/uploads\/2023\/07\/WhatsApp-Image-2023-07-10-at-01.12.44-162x300.jpeg 162w, http:\/\/www.uzunotoaksesuar.com.tr\/wp-content\/uploads\/2023\/07\/WhatsApp-Image-2023-07-10-at-01.12.44-768x1421.jpeg 768w, http:\/\/www.uzunotoaksesuar.com.tr\/wp-content\/uploads\/2023\/07\/WhatsApp-Image-2023-07-10-at-01.12.44-830x1536.jpeg 830w, http:\/\/www.uzunotoaksesuar.com.tr\/wp-content\/uploads\/2023\/07\/WhatsApp-Image-2023-07-10-at-01.12.44.jpeg 865w\" sizes=\"(max-width: 554px) 100vw, 554px\" \/><\/figure><\/div><\/div>\n<\/div>\n\n\n\n<p class=\"has-text-align-center\"><strong>T\u00dcM YORUMLARIMIZI OKUMAK \u0130\u00c7\u0130N GOOGLE DE UZUN OTO AKSESUAR ELB\u0130STAN YAZARAK G\u00d6REB\u0130L\u0130RS\u0130N\u0130Z. G\u00dcZEL D\u00dc\u015e\u00dcNCELER\u0130N\u0130Z \u0130\u00c7\u0130N TE\u015eEKK\u00dcR EDER\u0130Z.<\/strong><\/p>\n","protected":false},"excerpt":{"rendered":"<p>T\u00dcM YORUMLARIMIZI OKUMAK \u0130\u00c7\u0130N GOOGLE DE UZUN OTO AKSESUAR ELB\u0130STAN YAZARAK G\u00d6REB\u0130L\u0130RS\u0130N\u0130Z. G\u00dcZEL D\u00dc\u015e\u00dcNCELER\u0130N\u0130Z \u0130\u00c7\u0130N TE\u015eEKK\u00dcR EDER\u0130Z.<\/p>\n","protected":false},"author":1,"featured_media":0,"parent":0,"menu_order":0,"comment_status":"closed","ping_status":"open","template":"","meta":[],"_links":{"self":[{"href":"http:\/\/www.uzunotoaksesuar.com.tr\/index.php\/wp-json\/wp\/v2\/pages\/2"}],"collection":[{"href":"http:\/\/www.uzunotoaksesuar.com.tr\/index.php\/wp-json\/wp\/v2\/pages"}],"about":[{"href":"http:\/\/www.uzunotoaksesuar.com.tr\/index.php\/wp-json\/wp\/v2\/types\/page"}],"author":[{"embeddable":true,"href":"http:\/\/www.uzunotoaksesuar.com.tr\/index.php\/wp-json\/wp\/v2\/users\/1"}],"replies":[{"embeddable":true,"href":"http:\/\/www.uzunotoaksesuar.com.tr\/index.php\/wp-json\/wp\/v2\/comments?post=2"}],"version-history":[{"count":11,"href":"http:\/\/www.uzunotoaksesuar.com.tr\/index.php\/wp-json\/wp\/v2\/pages\/2\/revisions"}],"predecessor-version":[{"id":1425,"href":"http:\/\/www.uzunotoaksesuar.com.tr\/index.php\/wp-json\/wp\/v2\/pages\/2\/revisions\/1425"}],"wp:attachment":[{"href":"http:\/\/www.uzunotoaksesuar.com.tr\/index.php\/wp-json\/wp\/v2\/media?parent=2"}],"curies":[{"name":"wp","href":"https:\/\/api.w.org\/{rel}","templated":true}]}}