{"id":611,"date":"2023-07-08T20:36:05","date_gmt":"2023-07-08T20:36:05","guid":{"rendered":"http:\/\/www.uzunotoaksesuar.com.tr\/?page_id=611"},"modified":"2023-07-08T21:30:16","modified_gmt":"2023-07-08T21:30:16","slug":"13-jant-kapaklari","status":"publish","type":"page","link":"http:\/\/www.uzunotoaksesuar.com.tr\/index.php\/13-jant-kapaklari\/","title":{"rendered":"13 JANT KAPAKLARI"},"content":{"rendered":"\n<div class=\"wp-block-columns is-layout-flex wp-container-4\">\n<div class=\"wp-block-column is-layout-flow\"><div class=\"wp-block-image\">\n<figure class=\"aligncenter size-large is-resized\"><img decoding=\"async\" loading=\"lazy\" src=\"http:\/\/www.uzunotoaksesuar.com.tr\/wp-content\/uploads\/2023\/07\/WhatsApp-Image-2023-07-08-at-23.42.35-1024x984.jpeg\" alt=\"\" class=\"wp-image-625\" width=\"266\" height=\"256\" srcset=\"http:\/\/www.uzunotoaksesuar.com.tr\/wp-content\/uploads\/2023\/07\/WhatsApp-Image-2023-07-08-at-23.42.35-1024x984.jpeg 1024w, http:\/\/www.uzunotoaksesuar.com.tr\/wp-content\/uploads\/2023\/07\/WhatsApp-Image-2023-07-08-at-23.42.35-300x288.jpeg 300w, http:\/\/www.uzunotoaksesuar.com.tr\/wp-content\/uploads\/2023\/07\/WhatsApp-Image-2023-07-08-at-23.42.35-768x738.jpeg 768w, http:\/\/www.uzunotoaksesuar.com.tr\/wp-content\/uploads\/2023\/07\/WhatsApp-Image-2023-07-08-at-23.42.35-1536x1476.jpeg 1536w, http:\/\/www.uzunotoaksesuar.com.tr\/wp-content\/uploads\/2023\/07\/WhatsApp-Image-2023-07-08-at-23.42.35.jpeg 1600w\" sizes=\"(max-width: 266px) 100vw, 266px\" \/><\/figure><\/div><\/div>\n\n\n\n<div class=\"wp-block-column is-layout-flow\"><div class=\"wp-block-image\">\n<figure class=\"aligncenter size-large\"><img decoding=\"async\" loading=\"lazy\" width=\"1004\" height=\"1024\" src=\"http:\/\/www.uzunotoaksesuar.com.tr\/wp-content\/uploads\/2023\/07\/WhatsApp-Image-2023-07-08-at-23.42.36-2-1004x1024.jpeg\" alt=\"\" class=\"wp-image-629\" srcset=\"http:\/\/www.uzunotoaksesuar.com.tr\/wp-content\/uploads\/2023\/07\/WhatsApp-Image-2023-07-08-at-23.42.36-2-1004x1024.jpeg 1004w, http:\/\/www.uzunotoaksesuar.com.tr\/wp-content\/uploads\/2023\/07\/WhatsApp-Image-2023-07-08-at-23.42.36-2-294x300.jpeg 294w, http:\/\/www.uzunotoaksesuar.com.tr\/wp-content\/uploads\/2023\/07\/WhatsApp-Image-2023-07-08-at-23.42.36-2-768x783.jpeg 768w, http:\/\/www.uzunotoaksesuar.com.tr\/wp-content\/uploads\/2023\/07\/WhatsApp-Image-2023-07-08-at-23.42.36-2-1506x1536.jpeg 1506w, http:\/\/www.uzunotoaksesuar.com.tr\/wp-content\/uploads\/2023\/07\/WhatsApp-Image-2023-07-08-at-23.42.36-2.jpeg 1569w\" sizes=\"(max-width: 1004px) 100vw, 1004px\" \/><\/figure><\/div><\/div>\n\n\n\n<div class=\"wp-block-column is-layout-flow\"><div class=\"wp-block-image\">\n<figure class=\"aligncenter size-large is-resized\"><img decoding=\"async\" loading=\"lazy\" src=\"http:\/\/www.uzunotoaksesuar.com.tr\/wp-content\/uploads\/2023\/07\/WhatsApp-Image-2023-07-08-at-23.42.36-1-1-968x1024.jpeg\" alt=\"\" class=\"wp-image-630\" width=\"248\" height=\"262\" srcset=\"http:\/\/www.uzunotoaksesuar.com.tr\/wp-content\/uploads\/2023\/07\/WhatsApp-Image-2023-07-08-at-23.42.36-1-1-968x1024.jpeg 968w, http:\/\/www.uzunotoaksesuar.com.tr\/wp-content\/uploads\/2023\/07\/WhatsApp-Image-2023-07-08-at-23.42.36-1-1-284x300.jpeg 284w, http:\/\/www.uzunotoaksesuar.com.tr\/wp-content\/uploads\/2023\/07\/WhatsApp-Image-2023-07-08-at-23.42.36-1-1-768x812.jpeg 768w, http:\/\/www.uzunotoaksesuar.com.tr\/wp-content\/uploads\/2023\/07\/WhatsApp-Image-2023-07-08-at-23.42.36-1-1-1452x1536.jpeg 1452w, http:\/\/www.uzunotoaksesuar.com.tr\/wp-content\/uploads\/2023\/07\/WhatsApp-Image-2023-07-08-at-23.42.36-1-1.jpeg 1513w\" sizes=\"(max-width: 248px) 100vw, 248px\" \/><\/figure><\/div><\/div>\n<\/div>\n\n\n\n<div class=\"wp-block-columns is-layout-flex wp-container-8\">\n<div class=\"wp-block-column is-layout-flow\"><div class=\"wp-block-image\">\n<figure class=\"aligncenter size-large is-resized\"><img decoding=\"async\" loading=\"lazy\" src=\"http:\/\/www.uzunotoaksesuar.com.tr\/wp-content\/uploads\/2023\/07\/WhatsApp-Image-2023-07-08-at-23.42.42-2-936x1024.jpeg\" alt=\"\" class=\"wp-image-633\" width=\"249\" height=\"272\" srcset=\"http:\/\/www.uzunotoaksesuar.com.tr\/wp-content\/uploads\/2023\/07\/WhatsApp-Image-2023-07-08-at-23.42.42-2-936x1024.jpeg 936w, http:\/\/www.uzunotoaksesuar.com.tr\/wp-content\/uploads\/2023\/07\/WhatsApp-Image-2023-07-08-at-23.42.42-2-274x300.jpeg 274w, http:\/\/www.uzunotoaksesuar.com.tr\/wp-content\/uploads\/2023\/07\/WhatsApp-Image-2023-07-08-at-23.42.42-2-768x840.jpeg 768w, http:\/\/www.uzunotoaksesuar.com.tr\/wp-content\/uploads\/2023\/07\/WhatsApp-Image-2023-07-08-at-23.42.42-2-1404x1536.jpeg 1404w, http:\/\/www.uzunotoaksesuar.com.tr\/wp-content\/uploads\/2023\/07\/WhatsApp-Image-2023-07-08-at-23.42.42-2.jpeg 1462w\" sizes=\"(max-width: 249px) 100vw, 249px\" \/><\/figure><\/div><\/div>\n\n\n\n<div class=\"wp-block-column is-layout-flow\"><div class=\"wp-block-image\">\n<figure class=\"aligncenter size-large\"><img decoding=\"async\" loading=\"lazy\" width=\"977\" height=\"1024\" src=\"http:\/\/www.uzunotoaksesuar.com.tr\/wp-content\/uploads\/2023\/07\/WhatsApp-Image-2023-07-08-at-23.42.39-1-977x1024.jpeg\" alt=\"\" class=\"wp-image-634\" srcset=\"http:\/\/www.uzunotoaksesuar.com.tr\/wp-content\/uploads\/2023\/07\/WhatsApp-Image-2023-07-08-at-23.42.39-1-977x1024.jpeg 977w, http:\/\/www.uzunotoaksesuar.com.tr\/wp-content\/uploads\/2023\/07\/WhatsApp-Image-2023-07-08-at-23.42.39-1-286x300.jpeg 286w, http:\/\/www.uzunotoaksesuar.com.tr\/wp-content\/uploads\/2023\/07\/WhatsApp-Image-2023-07-08-at-23.42.39-1-768x805.jpeg 768w, http:\/\/www.uzunotoaksesuar.com.tr\/wp-content\/uploads\/2023\/07\/WhatsApp-Image-2023-07-08-at-23.42.39-1-1465x1536.jpeg 1465w, http:\/\/www.uzunotoaksesuar.com.tr\/wp-content\/uploads\/2023\/07\/WhatsApp-Image-2023-07-08-at-23.42.39-1.jpeg 1526w\" sizes=\"(max-width: 977px) 100vw, 977px\" \/><\/figure><\/div><\/div>\n\n\n\n<div class=\"wp-block-column is-layout-flow\"><div class=\"wp-block-image\">\n<figure class=\"aligncenter size-large\"><img decoding=\"async\" loading=\"lazy\" width=\"1009\" height=\"1024\" src=\"http:\/\/www.uzunotoaksesuar.com.tr\/wp-content\/uploads\/2023\/07\/WhatsApp-Image-2023-07-08-at-23.42.42-3-1009x1024.jpeg\" alt=\"\" class=\"wp-image-635\" srcset=\"http:\/\/www.uzunotoaksesuar.com.tr\/wp-content\/uploads\/2023\/07\/WhatsApp-Image-2023-07-08-at-23.42.42-3-1009x1024.jpeg 1009w, http:\/\/www.uzunotoaksesuar.com.tr\/wp-content\/uploads\/2023\/07\/WhatsApp-Image-2023-07-08-at-23.42.42-3-296x300.jpeg 296w, http:\/\/www.uzunotoaksesuar.com.tr\/wp-content\/uploads\/2023\/07\/WhatsApp-Image-2023-07-08-at-23.42.42-3-768x780.jpeg 768w, http:\/\/www.uzunotoaksesuar.com.tr\/wp-content\/uploads\/2023\/07\/WhatsApp-Image-2023-07-08-at-23.42.42-3-1513x1536.jpeg 1513w, http:\/\/www.uzunotoaksesuar.com.tr\/wp-content\/uploads\/2023\/07\/WhatsApp-Image-2023-07-08-at-23.42.42-3.jpeg 1576w\" sizes=\"(max-width: 1009px) 100vw, 1009px\" \/><\/figure><\/div><\/div>\n<\/div>\n\n\n\n<div class=\"wp-block-columns is-layout-flex wp-container-14\">\n<div class=\"wp-block-column is-layout-flow\"><div class=\"wp-block-image\">\n<figure class=\"aligncenter size-large\"><img decoding=\"async\" loading=\"lazy\" width=\"945\" height=\"1024\" src=\"http:\/\/www.uzunotoaksesuar.com.tr\/wp-content\/uploads\/2023\/07\/WhatsApp-Image-2023-07-08-at-23.42.39-945x1024.jpeg\" alt=\"\" class=\"wp-image-638\" srcset=\"http:\/\/www.uzunotoaksesuar.com.tr\/wp-content\/uploads\/2023\/07\/WhatsApp-Image-2023-07-08-at-23.42.39-945x1024.jpeg 945w, http:\/\/www.uzunotoaksesuar.com.tr\/wp-content\/uploads\/2023\/07\/WhatsApp-Image-2023-07-08-at-23.42.39-277x300.jpeg 277w, http:\/\/www.uzunotoaksesuar.com.tr\/wp-content\/uploads\/2023\/07\/WhatsApp-Image-2023-07-08-at-23.42.39-768x832.jpeg 768w, http:\/\/www.uzunotoaksesuar.com.tr\/wp-content\/uploads\/2023\/07\/WhatsApp-Image-2023-07-08-at-23.42.39-1418x1536.jpeg 1418w, http:\/\/www.uzunotoaksesuar.com.tr\/wp-content\/uploads\/2023\/07\/WhatsApp-Image-2023-07-08-at-23.42.39.jpeg 1477w\" sizes=\"(max-width: 945px) 100vw, 945px\" \/><\/figure><\/div><\/div>\n\n\n\n<div class=\"wp-block-column is-layout-flow\"><div class=\"wp-block-image\">\n<figure class=\"aligncenter size-large\"><img decoding=\"async\" loading=\"lazy\" width=\"1002\" height=\"1024\" src=\"http:\/\/www.uzunotoaksesuar.com.tr\/wp-content\/uploads\/2023\/07\/WhatsApp-Image-2023-07-08-at-23.42.41-1-1002x1024.jpeg\" alt=\"\" class=\"wp-image-639\" srcset=\"http:\/\/www.uzunotoaksesuar.com.tr\/wp-content\/uploads\/2023\/07\/WhatsApp-Image-2023-07-08-at-23.42.41-1-1002x1024.jpeg 1002w, http:\/\/www.uzunotoaksesuar.com.tr\/wp-content\/uploads\/2023\/07\/WhatsApp-Image-2023-07-08-at-23.42.41-1-293x300.jpeg 293w, http:\/\/www.uzunotoaksesuar.com.tr\/wp-content\/uploads\/2023\/07\/WhatsApp-Image-2023-07-08-at-23.42.41-1-768x785.jpeg 768w, http:\/\/www.uzunotoaksesuar.com.tr\/wp-content\/uploads\/2023\/07\/WhatsApp-Image-2023-07-08-at-23.42.41-1-1502x1536.jpeg 1502w, http:\/\/www.uzunotoaksesuar.com.tr\/wp-content\/uploads\/2023\/07\/WhatsApp-Image-2023-07-08-at-23.42.41-1.jpeg 1565w\" sizes=\"(max-width: 1002px) 100vw, 1002px\" \/><\/figure><\/div><\/div>\n\n\n\n<div class=\"wp-block-column is-layout-flow\">\n<figure class=\"wp-block-gallery has-nested-images columns-default is-cropped wp-block-gallery-11 is-layout-flex\"><div class=\"wp-block-image\">\n<figure class=\"aligncenter size-large\"><img decoding=\"async\" loading=\"lazy\" width=\"982\" height=\"1024\" src=\"http:\/\/www.uzunotoaksesuar.com.tr\/wp-content\/uploads\/2023\/07\/WhatsApp-Image-2023-07-08-at-23.42.44-1-982x1024.jpeg\" alt=\"\" class=\"wp-image-640\" srcset=\"http:\/\/www.uzunotoaksesuar.com.tr\/wp-content\/uploads\/2023\/07\/WhatsApp-Image-2023-07-08-at-23.42.44-1-982x1024.jpeg 982w, http:\/\/www.uzunotoaksesuar.com.tr\/wp-content\/uploads\/2023\/07\/WhatsApp-Image-2023-07-08-at-23.42.44-1-288x300.jpeg 288w, http:\/\/www.uzunotoaksesuar.com.tr\/wp-content\/uploads\/2023\/07\/WhatsApp-Image-2023-07-08-at-23.42.44-1-768x801.jpeg 768w, http:\/\/www.uzunotoaksesuar.com.tr\/wp-content\/uploads\/2023\/07\/WhatsApp-Image-2023-07-08-at-23.42.44-1-1474x1536.jpeg 1474w, http:\/\/www.uzunotoaksesuar.com.tr\/wp-content\/uploads\/2023\/07\/WhatsApp-Image-2023-07-08-at-23.42.44-1.jpeg 1535w\" sizes=\"(max-width: 982px) 100vw, 982px\" \/><\/figure><\/div><\/figure>\n<\/div>\n<\/div>\n\n\n\n<div class=\"wp-block-columns is-layout-flex wp-container-20\">\n<div class=\"wp-block-column is-layout-flow\"><div class=\"wp-block-image\">\n<figure class=\"aligncenter size-large is-resized\"><img decoding=\"async\" loading=\"lazy\" src=\"http:\/\/www.uzunotoaksesuar.com.tr\/wp-content\/uploads\/2023\/07\/WhatsApp-Image-2023-07-08-at-23.42.44-2-998x1024.jpeg\" alt=\"\" class=\"wp-image-643\" width=\"251\" height=\"257\" srcset=\"http:\/\/www.uzunotoaksesuar.com.tr\/wp-content\/uploads\/2023\/07\/WhatsApp-Image-2023-07-08-at-23.42.44-2-998x1024.jpeg 998w, http:\/\/www.uzunotoaksesuar.com.tr\/wp-content\/uploads\/2023\/07\/WhatsApp-Image-2023-07-08-at-23.42.44-2-292x300.jpeg 292w, http:\/\/www.uzunotoaksesuar.com.tr\/wp-content\/uploads\/2023\/07\/WhatsApp-Image-2023-07-08-at-23.42.44-2-768x788.jpeg 768w, http:\/\/www.uzunotoaksesuar.com.tr\/wp-content\/uploads\/2023\/07\/WhatsApp-Image-2023-07-08-at-23.42.44-2-1497x1536.jpeg 1497w, http:\/\/www.uzunotoaksesuar.com.tr\/wp-content\/uploads\/2023\/07\/WhatsApp-Image-2023-07-08-at-23.42.44-2.jpeg 1559w\" sizes=\"(max-width: 251px) 100vw, 251px\" \/><\/figure><\/div><\/div>\n\n\n\n<div class=\"wp-block-column is-layout-flow\"><div class=\"wp-block-image\">\n<figure class=\"aligncenter size-large is-resized\"><img decoding=\"async\" loading=\"lazy\" src=\"http:\/\/www.uzunotoaksesuar.com.tr\/wp-content\/uploads\/2023\/07\/WhatsApp-Image-2023-07-08-at-23.43.01-962x1024.jpeg\" alt=\"\" class=\"wp-image-644\" width=\"244\" height=\"260\" srcset=\"http:\/\/www.uzunotoaksesuar.com.tr\/wp-content\/uploads\/2023\/07\/WhatsApp-Image-2023-07-08-at-23.43.01-962x1024.jpeg 962w, http:\/\/www.uzunotoaksesuar.com.tr\/wp-content\/uploads\/2023\/07\/WhatsApp-Image-2023-07-08-at-23.43.01-282x300.jpeg 282w, http:\/\/www.uzunotoaksesuar.com.tr\/wp-content\/uploads\/2023\/07\/WhatsApp-Image-2023-07-08-at-23.43.01-768x818.jpeg 768w, http:\/\/www.uzunotoaksesuar.com.tr\/wp-content\/uploads\/2023\/07\/WhatsApp-Image-2023-07-08-at-23.43.01-1443x1536.jpeg 1443w, http:\/\/www.uzunotoaksesuar.com.tr\/wp-content\/uploads\/2023\/07\/WhatsApp-Image-2023-07-08-at-23.43.01.jpeg 1503w\" sizes=\"(max-width: 244px) 100vw, 244px\" \/><\/figure><\/div><\/div>\n\n\n\n<div class=\"wp-block-column is-layout-flow\">\n<figure class=\"wp-block-gallery has-nested-images columns-default is-cropped wp-block-gallery-17 is-layout-flex\"><div class=\"wp-block-image\">\n<figure class=\"aligncenter size-large\"><img decoding=\"async\" loading=\"lazy\" width=\"1017\" height=\"1024\" src=\"http:\/\/www.uzunotoaksesuar.com.tr\/wp-content\/uploads\/2023\/07\/WhatsApp-Image-2023-07-08-at-23.42.43-1017x1024.jpeg\" alt=\"\" class=\"wp-image-645\" srcset=\"http:\/\/www.uzunotoaksesuar.com.tr\/wp-content\/uploads\/2023\/07\/WhatsApp-Image-2023-07-08-at-23.42.43-1017x1024.jpeg 1017w, http:\/\/www.uzunotoaksesuar.com.tr\/wp-content\/uploads\/2023\/07\/WhatsApp-Image-2023-07-08-at-23.42.43-298x300.jpeg 298w, http:\/\/www.uzunotoaksesuar.com.tr\/wp-content\/uploads\/2023\/07\/WhatsApp-Image-2023-07-08-at-23.42.43-150x150.jpeg 150w, http:\/\/www.uzunotoaksesuar.com.tr\/wp-content\/uploads\/2023\/07\/WhatsApp-Image-2023-07-08-at-23.42.43-768x773.jpeg 768w, http:\/\/www.uzunotoaksesuar.com.tr\/wp-content\/uploads\/2023\/07\/WhatsApp-Image-2023-07-08-at-23.42.43-1525x1536.jpeg 1525w, http:\/\/www.uzunotoaksesuar.com.tr\/wp-content\/uploads\/2023\/07\/WhatsApp-Image-2023-07-08-at-23.42.43.jpeg 1589w\" sizes=\"(max-width: 1017px) 100vw, 1017px\" \/><\/figure><\/div><\/figure>\n<\/div>\n<\/div>\n\n\n\n<div class=\"wp-block-columns is-layout-flex wp-container-24\">\n<div class=\"wp-block-column is-layout-flow\"><div class=\"wp-block-image\">\n<figure class=\"aligncenter size-large is-resized\"><img decoding=\"async\" loading=\"lazy\" src=\"http:\/\/www.uzunotoaksesuar.com.tr\/wp-content\/uploads\/2023\/07\/WhatsApp-Image-2023-07-08-at-23.42.41-2-1024x1016.jpeg\" alt=\"\" class=\"wp-image-647\" width=\"266\" height=\"264\" srcset=\"http:\/\/www.uzunotoaksesuar.com.tr\/wp-content\/uploads\/2023\/07\/WhatsApp-Image-2023-07-08-at-23.42.41-2-1024x1016.jpeg 1024w, http:\/\/www.uzunotoaksesuar.com.tr\/wp-content\/uploads\/2023\/07\/WhatsApp-Image-2023-07-08-at-23.42.41-2-300x298.jpeg 300w, http:\/\/www.uzunotoaksesuar.com.tr\/wp-content\/uploads\/2023\/07\/WhatsApp-Image-2023-07-08-at-23.42.41-2-150x150.jpeg 150w, http:\/\/www.uzunotoaksesuar.com.tr\/wp-content\/uploads\/2023\/07\/WhatsApp-Image-2023-07-08-at-23.42.41-2-768x762.jpeg 768w, http:\/\/www.uzunotoaksesuar.com.tr\/wp-content\/uploads\/2023\/07\/WhatsApp-Image-2023-07-08-at-23.42.41-2-1536x1524.jpeg 1536w, http:\/\/www.uzunotoaksesuar.com.tr\/wp-content\/uploads\/2023\/07\/WhatsApp-Image-2023-07-08-at-23.42.41-2.jpeg 1600w\" sizes=\"(max-width: 266px) 100vw, 266px\" \/><\/figure><\/div><\/div>\n\n\n\n<div class=\"wp-block-column is-layout-flow\"><div class=\"wp-block-image\">\n<figure class=\"aligncenter size-large is-resized\"><img decoding=\"async\" loading=\"lazy\" src=\"http:\/\/www.uzunotoaksesuar.com.tr\/wp-content\/uploads\/2023\/07\/WhatsApp-Image-2023-07-08-at-23.42.42-952x1024.jpeg\" alt=\"\" class=\"wp-image-649\" width=\"250\" height=\"269\" srcset=\"http:\/\/www.uzunotoaksesuar.com.tr\/wp-content\/uploads\/2023\/07\/WhatsApp-Image-2023-07-08-at-23.42.42-952x1024.jpeg 952w, http:\/\/www.uzunotoaksesuar.com.tr\/wp-content\/uploads\/2023\/07\/WhatsApp-Image-2023-07-08-at-23.42.42-279x300.jpeg 279w, http:\/\/www.uzunotoaksesuar.com.tr\/wp-content\/uploads\/2023\/07\/WhatsApp-Image-2023-07-08-at-23.42.42-768x826.jpeg 768w, http:\/\/www.uzunotoaksesuar.com.tr\/wp-content\/uploads\/2023\/07\/WhatsApp-Image-2023-07-08-at-23.42.42-1428x1536.jpeg 1428w, http:\/\/www.uzunotoaksesuar.com.tr\/wp-content\/uploads\/2023\/07\/WhatsApp-Image-2023-07-08-at-23.42.42.jpeg 1488w\" sizes=\"(max-width: 250px) 100vw, 250px\" \/><\/figure><\/div><\/div>\n\n\n\n<div class=\"wp-block-column is-layout-flow\"><div class=\"wp-block-image\">\n<figure class=\"aligncenter size-large is-resized\"><img decoding=\"async\" loading=\"lazy\" src=\"http:\/\/www.uzunotoaksesuar.com.tr\/wp-content\/uploads\/2023\/07\/WhatsApp-Image-2023-07-08-at-23.42.44-804x1024.jpeg\" alt=\"\" class=\"wp-image-650\" width=\"216\" height=\"275\" srcset=\"http:\/\/www.uzunotoaksesuar.com.tr\/wp-content\/uploads\/2023\/07\/WhatsApp-Image-2023-07-08-at-23.42.44-804x1024.jpeg 804w, http:\/\/www.uzunotoaksesuar.com.tr\/wp-content\/uploads\/2023\/07\/WhatsApp-Image-2023-07-08-at-23.42.44-236x300.jpeg 236w, http:\/\/www.uzunotoaksesuar.com.tr\/wp-content\/uploads\/2023\/07\/WhatsApp-Image-2023-07-08-at-23.42.44-768x978.jpeg 768w, http:\/\/www.uzunotoaksesuar.com.tr\/wp-content\/uploads\/2023\/07\/WhatsApp-Image-2023-07-08-at-23.42.44-1206x1536.jpeg 1206w, http:\/\/www.uzunotoaksesuar.com.tr\/wp-content\/uploads\/2023\/07\/WhatsApp-Image-2023-07-08-at-23.42.44.jpeg 1256w\" sizes=\"(max-width: 216px) 100vw, 216px\" \/><\/figure><\/div><\/div>\n<\/div>\n\n\n\n<div class=\"wp-block-columns is-layout-flex wp-container-28\">\n<div class=\"wp-block-column is-layout-flow\"><div class=\"wp-block-image\">\n<figure class=\"aligncenter size-large is-resized\"><img decoding=\"async\" loading=\"lazy\" src=\"http:\/\/www.uzunotoaksesuar.com.tr\/wp-content\/uploads\/2023\/07\/WhatsApp-Image-2023-07-08-at-23.42.43-2-827x1024.jpeg\" alt=\"\" class=\"wp-image-653\" width=\"226\" height=\"279\" srcset=\"http:\/\/www.uzunotoaksesuar.com.tr\/wp-content\/uploads\/2023\/07\/WhatsApp-Image-2023-07-08-at-23.42.43-2-827x1024.jpeg 827w, http:\/\/www.uzunotoaksesuar.com.tr\/wp-content\/uploads\/2023\/07\/WhatsApp-Image-2023-07-08-at-23.42.43-2-242x300.jpeg 242w, http:\/\/www.uzunotoaksesuar.com.tr\/wp-content\/uploads\/2023\/07\/WhatsApp-Image-2023-07-08-at-23.42.43-2-768x951.jpeg 768w, http:\/\/www.uzunotoaksesuar.com.tr\/wp-content\/uploads\/2023\/07\/WhatsApp-Image-2023-07-08-at-23.42.43-2-1240x1536.jpeg 1240w, http:\/\/www.uzunotoaksesuar.com.tr\/wp-content\/uploads\/2023\/07\/WhatsApp-Image-2023-07-08-at-23.42.43-2.jpeg 1292w\" sizes=\"(max-width: 226px) 100vw, 226px\" \/><\/figure><\/div><\/div>\n\n\n\n<div class=\"wp-block-column is-layout-flow\"><div class=\"wp-block-image\">\n<figure class=\"aligncenter size-large is-resized\"><img decoding=\"async\" loading=\"lazy\" src=\"http:\/\/www.uzunotoaksesuar.com.tr\/wp-content\/uploads\/2023\/07\/WhatsApp-Image-2023-07-08-at-23.42.43-1-964x1024.jpeg\" alt=\"\" class=\"wp-image-654\" width=\"260\" height=\"276\" srcset=\"http:\/\/www.uzunotoaksesuar.com.tr\/wp-content\/uploads\/2023\/07\/WhatsApp-Image-2023-07-08-at-23.42.43-1-964x1024.jpeg 964w, http:\/\/www.uzunotoaksesuar.com.tr\/wp-content\/uploads\/2023\/07\/WhatsApp-Image-2023-07-08-at-23.42.43-1-282x300.jpeg 282w, http:\/\/www.uzunotoaksesuar.com.tr\/wp-content\/uploads\/2023\/07\/WhatsApp-Image-2023-07-08-at-23.42.43-1-768x816.jpeg 768w, http:\/\/www.uzunotoaksesuar.com.tr\/wp-content\/uploads\/2023\/07\/WhatsApp-Image-2023-07-08-at-23.42.43-1-1446x1536.jpeg 1446w, http:\/\/www.uzunotoaksesuar.com.tr\/wp-content\/uploads\/2023\/07\/WhatsApp-Image-2023-07-08-at-23.42.43-1.jpeg 1506w\" sizes=\"(max-width: 260px) 100vw, 260px\" \/><\/figure><\/div><\/div>\n\n\n\n<div class=\"wp-block-column is-layout-flow\"><div class=\"wp-block-image\">\n<figure class=\"aligncenter size-large is-resized\"><img decoding=\"async\" loading=\"lazy\" src=\"http:\/\/www.uzunotoaksesuar.com.tr\/wp-content\/uploads\/2023\/07\/WhatsApp-Image-2023-07-08-at-23.42.41-1024x981.jpeg\" alt=\"\" class=\"wp-image-655\" width=\"282\" height=\"270\" srcset=\"http:\/\/www.uzunotoaksesuar.com.tr\/wp-content\/uploads\/2023\/07\/WhatsApp-Image-2023-07-08-at-23.42.41-1024x981.jpeg 1024w, http:\/\/www.uzunotoaksesuar.com.tr\/wp-content\/uploads\/2023\/07\/WhatsApp-Image-2023-07-08-at-23.42.41-300x287.jpeg 300w, http:\/\/www.uzunotoaksesuar.com.tr\/wp-content\/uploads\/2023\/07\/WhatsApp-Image-2023-07-08-at-23.42.41-768x736.jpeg 768w, http:\/\/www.uzunotoaksesuar.com.tr\/wp-content\/uploads\/2023\/07\/WhatsApp-Image-2023-07-08-at-23.42.41-1536x1472.jpeg 1536w, http:\/\/www.uzunotoaksesuar.com.tr\/wp-content\/uploads\/2023\/07\/WhatsApp-Image-2023-07-08-at-23.42.41.jpeg 1600w\" sizes=\"(max-width: 282px) 100vw, 282px\" \/><\/figure><\/div><\/div>\n<\/div>\n\n\n\n<div class=\"wp-block-columns is-layout-flex wp-container-32\">\n<div class=\"wp-block-column is-layout-flow\"><div class=\"wp-block-image\">\n<figure class=\"aligncenter size-large\"><img decoding=\"async\" loading=\"lazy\" width=\"1014\" height=\"1024\" src=\"http:\/\/www.uzunotoaksesuar.com.tr\/wp-content\/uploads\/2023\/07\/WhatsApp-Image-2023-07-08-at-23.42.42-1-1014x1024.jpeg\" alt=\"\" class=\"wp-image-658\" srcset=\"http:\/\/www.uzunotoaksesuar.com.tr\/wp-content\/uploads\/2023\/07\/WhatsApp-Image-2023-07-08-at-23.42.42-1-1014x1024.jpeg 1014w, http:\/\/www.uzunotoaksesuar.com.tr\/wp-content\/uploads\/2023\/07\/WhatsApp-Image-2023-07-08-at-23.42.42-1-297x300.jpeg 297w, http:\/\/www.uzunotoaksesuar.com.tr\/wp-content\/uploads\/2023\/07\/WhatsApp-Image-2023-07-08-at-23.42.42-1-150x150.jpeg 150w, http:\/\/www.uzunotoaksesuar.com.tr\/wp-content\/uploads\/2023\/07\/WhatsApp-Image-2023-07-08-at-23.42.42-1-768x775.jpeg 768w, http:\/\/www.uzunotoaksesuar.com.tr\/wp-content\/uploads\/2023\/07\/WhatsApp-Image-2023-07-08-at-23.42.42-1-1522x1536.jpeg 1522w, http:\/\/www.uzunotoaksesuar.com.tr\/wp-content\/uploads\/2023\/07\/WhatsApp-Image-2023-07-08-at-23.42.42-1.jpeg 1585w\" sizes=\"(max-width: 1014px) 100vw, 1014px\" \/><\/figure><\/div><\/div>\n\n\n\n<div class=\"wp-block-column is-layout-flow\"><div class=\"wp-block-image\">\n<figure class=\"aligncenter size-large is-resized\"><img decoding=\"async\" loading=\"lazy\" src=\"http:\/\/www.uzunotoaksesuar.com.tr\/wp-content\/uploads\/2023\/07\/WhatsApp-Image-2023-07-08-at-23.42.41-3-1024x981.jpeg\" alt=\"\" class=\"wp-image-659\" width=\"267\" height=\"256\" srcset=\"http:\/\/www.uzunotoaksesuar.com.tr\/wp-content\/uploads\/2023\/07\/WhatsApp-Image-2023-07-08-at-23.42.41-3-1024x981.jpeg 1024w, http:\/\/www.uzunotoaksesuar.com.tr\/wp-content\/uploads\/2023\/07\/WhatsApp-Image-2023-07-08-at-23.42.41-3-300x287.jpeg 300w, http:\/\/www.uzunotoaksesuar.com.tr\/wp-content\/uploads\/2023\/07\/WhatsApp-Image-2023-07-08-at-23.42.41-3-768x736.jpeg 768w, http:\/\/www.uzunotoaksesuar.com.tr\/wp-content\/uploads\/2023\/07\/WhatsApp-Image-2023-07-08-at-23.42.41-3-1536x1472.jpeg 1536w, http:\/\/www.uzunotoaksesuar.com.tr\/wp-content\/uploads\/2023\/07\/WhatsApp-Image-2023-07-08-at-23.42.41-3.jpeg 1600w\" sizes=\"(max-width: 267px) 100vw, 267px\" \/><\/figure><\/div><\/div>\n\n\n\n<div class=\"wp-block-column is-layout-flow\"><div class=\"wp-block-image\">\n<figure class=\"aligncenter size-full\"><img decoding=\"async\" loading=\"lazy\" width=\"870\" height=\"980\" src=\"http:\/\/www.uzunotoaksesuar.com.tr\/wp-content\/uploads\/2023\/07\/WhatsApp-Image-2023-07-09-at-00.09.40-1.jpeg\" alt=\"\" class=\"wp-image-660\" srcset=\"http:\/\/www.uzunotoaksesuar.com.tr\/wp-content\/uploads\/2023\/07\/WhatsApp-Image-2023-07-09-at-00.09.40-1.jpeg 870w, http:\/\/www.uzunotoaksesuar.com.tr\/wp-content\/uploads\/2023\/07\/WhatsApp-Image-2023-07-09-at-00.09.40-1-266x300.jpeg 266w, http:\/\/www.uzunotoaksesuar.com.tr\/wp-content\/uploads\/2023\/07\/WhatsApp-Image-2023-07-09-at-00.09.40-1-768x865.jpeg 768w\" sizes=\"(max-width: 870px) 100vw, 870px\" \/><\/figure><\/div><\/div>\n<\/div>\n\n\n\n<div class=\"wp-block-columns is-layout-flex wp-container-36\">\n<div class=\"wp-block-column is-layout-flow\">\n<figure class=\"wp-block-image size-large\"><img decoding=\"async\" loading=\"lazy\" width=\"1024\" height=\"928\" src=\"http:\/\/www.uzunotoaksesuar.com.tr\/wp-content\/uploads\/2023\/07\/WhatsApp-Image-2023-07-09-at-00.09.40-1024x928.jpeg\" alt=\"\" class=\"wp-image-662\" srcset=\"http:\/\/www.uzunotoaksesuar.com.tr\/wp-content\/uploads\/2023\/07\/WhatsApp-Image-2023-07-09-at-00.09.40-1024x928.jpeg 1024w, http:\/\/www.uzunotoaksesuar.com.tr\/wp-content\/uploads\/2023\/07\/WhatsApp-Image-2023-07-09-at-00.09.40-300x272.jpeg 300w, http:\/\/www.uzunotoaksesuar.com.tr\/wp-content\/uploads\/2023\/07\/WhatsApp-Image-2023-07-09-at-00.09.40-768x696.jpeg 768w, http:\/\/www.uzunotoaksesuar.com.tr\/wp-content\/uploads\/2023\/07\/WhatsApp-Image-2023-07-09-at-00.09.40.jpeg 1067w\" sizes=\"(max-width: 1024px) 100vw, 1024px\" \/><\/figure>\n<\/div>\n\n\n\n<div class=\"wp-block-column is-layout-flow\"><\/div>\n\n\n\n<div class=\"wp-block-column is-layout-flow\"><\/div>\n<\/div>\n\n\n\n<p class=\"has-text-align-center\"><strong>13 JANT KAPAKLARIMIZIN TAKIM F\u0130YATLARI 300 TL \u0130LE 500 TL ARASI DE\u011e\u0130\u015eMEKTED\u0130R.<\/strong><\/p>\n\n\n\n<p class=\"has-text-align-center\"><strong>F\u0130YATLARIMIZA KARGO DAH\u0130L DE\u011e\u0130LD\u0130R. ANLA\u015eMALI KARGO \u0130LE G\u00d6NDER\u0130M YAPILIR.<\/strong><\/p>\n","protected":false},"excerpt":{"rendered":"<p>13 JANT KAPAKLARIMIZIN TAKIM F\u0130YATLARI 300 TL \u0130LE 500 TL ARASI DE\u011e\u0130\u015eMEKTED\u0130R. F\u0130YATLARIMIZA KARGO DAH\u0130L DE\u011e\u0130LD\u0130R. ANLA\u015eMALI KARGO \u0130LE G\u00d6NDER\u0130M YAPILIR.<\/p>\n","protected":false},"author":1,"featured_media":0,"parent":0,"menu_order":0,"comment_status":"closed","ping_status":"closed","template":"","meta":[],"_links":{"self":[{"href":"http:\/\/www.uzunotoaksesuar.com.tr\/index.php\/wp-json\/wp\/v2\/pages\/611"}],"collection":[{"href":"http:\/\/www.uzunotoaksesuar.com.tr\/index.php\/wp-json\/wp\/v2\/pages"}],"about":[{"href":"http:\/\/www.uzunotoaksesuar.com.tr\/index.php\/wp-json\/wp\/v2\/types\/page"}],"author":[{"embeddable":true,"href":"http:\/\/www.uzunotoaksesuar.com.tr\/index.php\/wp-json\/wp\/v2\/users\/1"}],"replies":[{"embeddable":true,"href":"http:\/\/www.uzunotoaksesuar.com.tr\/index.php\/wp-json\/wp\/v2\/comments?post=611"}],"version-history":[{"count":9,"href":"http:\/\/www.uzunotoaksesuar.com.tr\/index.php\/wp-json\/wp\/v2\/pages\/611\/revisions"}],"predecessor-version":[{"id":664,"href":"http:\/\/www.uzunotoaksesuar.com.tr\/index.php\/wp-json\/wp\/v2\/pages\/611\/revisions\/664"}],"wp:attachment":[{"href":"http:\/\/www.uzunotoaksesuar.com.tr\/index.php\/wp-json\/wp\/v2\/media?parent=611"}],"curies":[{"name":"wp","href":"https:\/\/api.w.org\/{rel}","templated":true}]}}